{"id":62,"date":"2026-01-26T17:02:30","date_gmt":"2026-01-26T20:02:30","guid":{"rendered":"https:\/\/sobedrj.com.br\/congresso\/?page_id=62"},"modified":"2026-02-03T11:40:36","modified_gmt":"2026-02-03T14:40:36","slug":"evento","status":"publish","type":"page","link":"https:\/\/sobedrj.com.br\/congresso\/evento\/","title":{"rendered":"Evento"},"content":{"rendered":"<p><img loading=\"lazy\" decoding=\"async\" class=\"aligncenter size-full wp-image-350\" src=\"https:\/\/sobedrj.com.br\/congresso\/wp-content\/uploads\/2026\/02\/logo_site.jpg\" alt=\"\" width=\"500\" height=\"300\" srcset=\"https:\/\/sobedrj.com.br\/congresso\/wp-content\/uploads\/2026\/02\/logo_site.jpg 500w, https:\/\/sobedrj.com.br\/congresso\/wp-content\/uploads\/2026\/02\/logo_site-300x180.jpg 300w\" sizes=\"auto, (max-width: 500px) 100vw, 500px\" \/><\/p>\n<p style=\"text-align: left;\">O 10\u00ba Congresso de Endoscopia do Estado do Rio de Janeiro ser\u00e1 realizada nos dias 22 e 23 de maio de 2026 no Prodigy Santos Dumont, situado no Centro do Rio de Janeiro.<\/p>\n<p style=\"text-align: left;\">O evento volta a ser realizado ap\u00f3s 11 anos, com sua \u00faltima edi\u00e7\u00e3o sendo realizada na Casa de Sa\u00fade S\u00e3o Jos\u00e9, no Humait\u00e1 e simboliza um importante momento para a Endoscopia do Rio de Janeiro, que volta a ter um congresso reunindo sobedianos de diversas partes de nosso Estado e do Brasil e apresentando o que os servi\u00e7os de Endoscopia do RJ v\u00eam realizando.<\/p>\n<p style=\"text-align: left;\"><strong>DATAS<\/strong> 22 e 23 de maio de 2026 (sexta-feira e s\u00e1bado)<\/p>\n<p style=\"text-align: left;\"><strong>LOCAL<\/strong> Prodigy Santos Dumont &#8211; Av. Alm. Silvio de Noronha, 365 &#8211; Centro, Rio de Janeiro &#8211; RJ (<a href=\"https:\/\/maps.app.goo.gl\/rYBwMs31KgPdPvhVA\" target=\"_blank\" rel=\"noopener\">saiba como chegar<\/a>)<\/p>\n<p style=\"text-align: left;\"><strong>COMO CHEGAR<\/strong> h\u00e1 estacionamento rotativo no Bossa Nova Mall, shopping onde est\u00e1 situado o hotel, e tamb\u00e9m no aeroporto Santos Dumont. Quem preferir, pode vir de metr\u00f4, descer na esta\u00e7\u00e3o Cinel\u00e2ndia e pegar um VLT com destino ao aeroporto Santos Dumont.<\/p>\n","protected":false},"excerpt":{"rendered":"<p>O 10\u00ba Congresso de Endoscopia do Estado do Rio de Janeiro ser\u00e1 realizada nos dias 22 e 23 de maio de 2026 no Prodigy Santos Dumont, situado no Centro do Rio de Janeiro. O evento volta a ser realizado ap\u00f3s 11 anos, com sua \u00faltima edi\u00e7\u00e3o sendo realizada na Casa de Sa\u00fade S\u00e3o Jos\u00e9, no [&hellip;]<\/p>\n","protected":false},"author":1,"featured_media":0,"parent":0,"menu_order":0,"comment_status":"closed","ping_status":"closed","template":"","meta":{"footnotes":""},"class_list":["post-62","page","type-page","status-publish","hentry"],"_links":{"self":[{"href":"https:\/\/sobedrj.com.br\/congresso\/wp-json\/wp\/v2\/pages\/62","targetHints":{"allow":["GET"]}}],"collection":[{"href":"https:\/\/sobedrj.com.br\/congresso\/wp-json\/wp\/v2\/pages"}],"about":[{"href":"https:\/\/sobedrj.com.br\/congresso\/wp-json\/wp\/v2\/types\/page"}],"author":[{"embeddable":true,"href":"https:\/\/sobedrj.com.br\/congresso\/wp-json\/wp\/v2\/users\/1"}],"replies":[{"embeddable":true,"href":"https:\/\/sobedrj.com.br\/congresso\/wp-json\/wp\/v2\/comments?post=62"}],"version-history":[{"count":10,"href":"https:\/\/sobedrj.com.br\/congresso\/wp-json\/wp\/v2\/pages\/62\/revisions"}],"predecessor-version":[{"id":354,"href":"https:\/\/sobedrj.com.br\/congresso\/wp-json\/wp\/v2\/pages\/62\/revisions\/354"}],"wp:attachment":[{"href":"https:\/\/sobedrj.com.br\/congresso\/wp-json\/wp\/v2\/media?parent=62"}],"curies":[{"name":"wp","href":"https:\/\/api.w.org\/{rel}","templated":true}]}}