{"id":69,"date":"2026-01-26T17:09:51","date_gmt":"2026-01-26T20:09:51","guid":{"rendered":"https:\/\/sobedrj.com.br\/congresso\/?page_id=69"},"modified":"2026-02-03T11:52:25","modified_gmt":"2026-02-03T14:52:25","slug":"patrocinadores","status":"publish","type":"page","link":"https:\/\/sobedrj.com.br\/congresso\/patrocinadores\/","title":{"rendered":"Patrocinadores"},"content":{"rendered":"<p><img loading=\"lazy\" decoding=\"async\" class=\"aligncenter size-full wp-image-350\" src=\"https:\/\/sobedrj.com.br\/congresso\/wp-content\/uploads\/2026\/02\/logo_site.jpg\" alt=\"\" width=\"500\" height=\"300\" srcset=\"https:\/\/sobedrj.com.br\/congresso\/wp-content\/uploads\/2026\/02\/logo_site.jpg 500w, https:\/\/sobedrj.com.br\/congresso\/wp-content\/uploads\/2026\/02\/logo_site-300x180.jpg 300w\" sizes=\"auto, (max-width: 500px) 100vw, 500px\" \/><\/p>\n<p>Quer divulgar sua marca e seus produtos e servi\u00e7os no X Congresso de Endoscopia do Estado do Rio de Janeiro?<\/p>\n<p>Ent\u00e3o, entre em contato e veja os pacotes dispon\u00edveis:<\/p>\n<p><strong>WHATSAPP<\/strong> <a href=\"http:\/\/api.whatsapp.com\/send?1=pt_BR&amp;phone=5521966648859\">(21) 96664-8859<\/a><\/p>\n<p><strong>E-MAIL<\/strong> <a href=\"mailto:comunicacao@sobedrj.com.br\">comunicacao@sobedrj.com.br<\/a><\/p>\n","protected":false},"excerpt":{"rendered":"<p>Quer divulgar sua marca e seus produtos e servi\u00e7os no X Congresso de Endoscopia do Estado do Rio de Janeiro? Ent\u00e3o, entre em contato e veja os pacotes dispon\u00edveis: WHATSAPP (21) 96664-8859 E-MAIL comunicacao@sobedrj.com.br<\/p>\n","protected":false},"author":1,"featured_media":0,"parent":0,"menu_order":0,"comment_status":"closed","ping_status":"closed","template":"","meta":{"footnotes":""},"class_list":["post-69","page","type-page","status-publish","hentry"],"_links":{"self":[{"href":"https:\/\/sobedrj.com.br\/congresso\/wp-json\/wp\/v2\/pages\/69","targetHints":{"allow":["GET"]}}],"collection":[{"href":"https:\/\/sobedrj.com.br\/congresso\/wp-json\/wp\/v2\/pages"}],"about":[{"href":"https:\/\/sobedrj.com.br\/congresso\/wp-json\/wp\/v2\/types\/page"}],"author":[{"embeddable":true,"href":"https:\/\/sobedrj.com.br\/congresso\/wp-json\/wp\/v2\/users\/1"}],"replies":[{"embeddable":true,"href":"https:\/\/sobedrj.com.br\/congresso\/wp-json\/wp\/v2\/comments?post=69"}],"version-history":[{"count":6,"href":"https:\/\/sobedrj.com.br\/congresso\/wp-json\/wp\/v2\/pages\/69\/revisions"}],"predecessor-version":[{"id":357,"href":"https:\/\/sobedrj.com.br\/congresso\/wp-json\/wp\/v2\/pages\/69\/revisions\/357"}],"wp:attachment":[{"href":"https:\/\/sobedrj.com.br\/congresso\/wp-json\/wp\/v2\/media?parent=69"}],"curies":[{"name":"wp","href":"https:\/\/api.w.org\/{rel}","templated":true}]}}