{"id":75,"date":"2026-01-26T17:10:43","date_gmt":"2026-01-26T20:10:43","guid":{"rendered":"https:\/\/sobedrj.com.br\/congresso\/?page_id=75"},"modified":"2026-01-27T09:56:08","modified_gmt":"2026-01-27T12:56:08","slug":"hospedagem","status":"publish","type":"page","link":"https:\/\/sobedrj.com.br\/congresso\/hospedagem\/","title":{"rendered":"Hospedagem"},"content":{"rendered":"<p><img loading=\"lazy\" decoding=\"async\" class=\"alignnone size-full wp-image-166\" src=\"https:\/\/sobedrj.com.br\/congresso\/wp-content\/uploads\/2026\/01\/wish_vista.jpg\" alt=\"\" width=\"1901\" height=\"535\" srcset=\"https:\/\/sobedrj.com.br\/congresso\/wp-content\/uploads\/2026\/01\/wish_vista.jpg 1901w, https:\/\/sobedrj.com.br\/congresso\/wp-content\/uploads\/2026\/01\/wish_vista-300x84.jpg 300w, https:\/\/sobedrj.com.br\/congresso\/wp-content\/uploads\/2026\/01\/wish_vista-1024x288.jpg 1024w, https:\/\/sobedrj.com.br\/congresso\/wp-content\/uploads\/2026\/01\/wish_vista-768x216.jpg 768w, https:\/\/sobedrj.com.br\/congresso\/wp-content\/uploads\/2026\/01\/wish_vista-1536x432.jpg 1536w, https:\/\/sobedrj.com.br\/congresso\/wp-content\/uploads\/2026\/01\/wish_vista-350x100.jpg 350w\" sizes=\"auto, (max-width: 1901px) 100vw, 1901px\" \/><\/p>\n<p><strong>LOCAL<\/strong> Prodigy Santos Dumont &#8211; Av. Alm. Silvio de Noronha, 365 &#8211; Centro, Rio de Janeiro &#8211; RJ (<a href=\"https:\/\/maps.app.goo.gl\/rYBwMs31KgPdPvhVA\" target=\"_blank\" rel=\"noopener\">saiba como chegar<\/a>)<\/p>\n<p><strong>COMO CHEGAR<\/strong> h\u00e1 estacionamento rotativo no Bossa Nova Mall, shopping onde est\u00e1 situado o hotel, e tamb\u00e9m no aeroporto Santos Dumont. Quem preferir, pode vir de metr\u00f4, descer na esta\u00e7\u00e3o Cinel\u00e2ndia e pegar um VLT com destino ao aeroporto Santos Dumont.<\/p>\n<p><strong>RESERVAS<\/strong> inscritos no X Congresso de Endoscopia do Estado do Rio de Janeiro contam com desconto na hospedagem. Ao fazer a reserva pelo site do hotel, utilize o cupom SOBED10 e obtenha 10% de desconto. <span data-olk-copy-source=\"MessageBody\">O c\u00f3digo poder\u00e1 ser utilizado para hospedagens do dia 19 ao dia 26.05.2026.<\/span><\/p>\n<p><a href=\"https:\/\/www.grupowish.com\/prodigy-santos-dumont-by-wish\" target=\"_blank\" rel=\"noopener\">FA\u00c7A SUA RESERVA<\/a><\/p>\n<p><img loading=\"lazy\" decoding=\"async\" class=\"alignnone size-full wp-image-165\" src=\"https:\/\/sobedrj.com.br\/congresso\/wp-content\/uploads\/2026\/01\/cupom.jpg\" alt=\"\" width=\"1077\" height=\"257\" srcset=\"https:\/\/sobedrj.com.br\/congresso\/wp-content\/uploads\/2026\/01\/cupom.jpg 1077w, https:\/\/sobedrj.com.br\/congresso\/wp-content\/uploads\/2026\/01\/cupom-300x72.jpg 300w, https:\/\/sobedrj.com.br\/congresso\/wp-content\/uploads\/2026\/01\/cupom-1024x244.jpg 1024w, https:\/\/sobedrj.com.br\/congresso\/wp-content\/uploads\/2026\/01\/cupom-768x183.jpg 768w\" sizes=\"auto, (max-width: 1077px) 100vw, 1077px\" \/><\/p>\n","protected":false},"excerpt":{"rendered":"<p>LOCAL Prodigy Santos Dumont &#8211; Av. Alm. Silvio de Noronha, 365 &#8211; Centro, Rio de Janeiro &#8211; RJ (saiba como chegar) COMO CHEGAR h\u00e1 estacionamento rotativo no Bossa Nova Mall, shopping onde est\u00e1 situado o hotel, e tamb\u00e9m no aeroporto Santos Dumont. Quem preferir, pode vir de metr\u00f4, descer na esta\u00e7\u00e3o Cinel\u00e2ndia e pegar um [&hellip;]<\/p>\n","protected":false},"author":1,"featured_media":0,"parent":0,"menu_order":0,"comment_status":"closed","ping_status":"closed","template":"","meta":{"footnotes":""},"class_list":["post-75","page","type-page","status-publish","hentry"],"_links":{"self":[{"href":"https:\/\/sobedrj.com.br\/congresso\/wp-json\/wp\/v2\/pages\/75","targetHints":{"allow":["GET"]}}],"collection":[{"href":"https:\/\/sobedrj.com.br\/congresso\/wp-json\/wp\/v2\/pages"}],"about":[{"href":"https:\/\/sobedrj.com.br\/congresso\/wp-json\/wp\/v2\/types\/page"}],"author":[{"embeddable":true,"href":"https:\/\/sobedrj.com.br\/congresso\/wp-json\/wp\/v2\/users\/1"}],"replies":[{"embeddable":true,"href":"https:\/\/sobedrj.com.br\/congresso\/wp-json\/wp\/v2\/comments?post=75"}],"version-history":[{"count":2,"href":"https:\/\/sobedrj.com.br\/congresso\/wp-json\/wp\/v2\/pages\/75\/revisions"}],"predecessor-version":[{"id":168,"href":"https:\/\/sobedrj.com.br\/congresso\/wp-json\/wp\/v2\/pages\/75\/revisions\/168"}],"wp:attachment":[{"href":"https:\/\/sobedrj.com.br\/congresso\/wp-json\/wp\/v2\/media?parent=75"}],"curies":[{"name":"wp","href":"https:\/\/api.w.org\/{rel}","templated":true}]}}