{"id":103,"date":"2015-01-30T20:46:24","date_gmt":"2015-01-30T20:46:24","guid":{"rendered":"http:\/\/sobedrj.com.br\/novo\/?page_id=103"},"modified":"2015-01-30T20:46:24","modified_gmt":"2015-01-30T20:46:24","slug":"enteroscopia-assistida-por-balao","status":"publish","type":"page","link":"https:\/\/sobedrj.com.br\/novo\/informacoes-para-pacientes\/enteroscopia-assistida-por-balao\/","title":{"rendered":"Enteroscopia assistida por Bal\u00e3o"},"content":{"rendered":"<p><strong>O que \u00e9?<\/strong><\/p>\n<p>A videenteroscopia assistida por bal\u00e3o \u00e9 um exame no qual o aparelho similar aos demais endosc\u00f3pios, \u00e9 introduzido atrav\u00e9s da boca (via anter\u00f3grada) ou do \u00e2nus (via retr\u00f3grada) para o diagn\u00f3stico e tratamento de les\u00f5es do intestino delgado.<\/p>\n<p><strong>Quando esta indicado?<\/strong><\/p>\n<p>Este exame est\u00e1 indicado nos casos de sangramento vis\u00edvel ou oculto n\u00e3o identificado atrav\u00e9s da videoenteroscopia por c\u00e1psula endosc\u00f3pica, nas doen\u00e7as inflamat\u00f3rias, ou do intestino delgado.<\/p>\n<p>O m\u00e9todo permite a realiza\u00e7\u00e3o de tratamentos endosc\u00f3picos como hemostasia do sangramento, retirada de p\u00f3lipos ou dilata\u00e7\u00e3o de estenoses ( redu\u00e7\u00e3o da luz do intestino delgado).<\/p>\n<p>Este exame tamb\u00e9m est\u00e1 indicado quando a colonoscopia convencional for incompleta por dificuldade de progress\u00e3o do aparelho.<\/p>\n<p>Nos pacientes submetidos a cirurgias abdominais que modificam o trato digest\u00f3rio como, por exemplo, cirurgia bari\u00e1trica, a videoenteroscopia permite o exame e tratamento endosc\u00f3pico de les\u00f5es localizadas nos segmentos n\u00e3o alcan\u00e7ados atrav\u00e9s dos endosc\u00f3pios convencionais.<\/p>\n<p><strong>Como \u00e9 realizado o exame?<\/strong><\/p>\n<p>O aparelho \u00e9 similar ao endosc\u00f3pio ou colonosc\u00f3pio, sendo mais longo. Ele desliza dentro de um tubo (ovetube) para auxiliar a progress\u00e3o por todo o intestino delgado. O procedimento \u00e9 realizado sob seda\u00e7\u00e3o, analgesia ou anestesia geral venosa para reduzir o desconforto e dura cerca de 1 \u2013 2 horas.<\/p>\n<p>Nos casos de introdu\u00e7\u00e3o atrav\u00e9s do \u00e2nus, \u00e9 necess\u00e1rio o preparo dos c\u00f3lons atrav\u00e9s da ingest\u00e3o por via oral de solu\u00e7\u00f5es recomendadas, de modo similar ao preparo para colonoscopia.<\/p>\n<p><strong>Quais as complica\u00e7\u00f5es?<\/strong><\/p>\n<p>Podem ocorrer complica\u00e7\u00f5es associadas \u00e0 seda\u00e7\u00e3o ou similar aos demais exames endosc\u00f3picos como n\u00e1useas, dor, v\u00f4mito ou sangramento.<\/p>\n<p>Nos pacientes com cirurgia abdominal ou ginecol\u00f3gica o exame pode ser mais dif\u00edcil e\/ou mais doloroso.<\/p>\n<p>Pode ocorrer eleva\u00e7\u00e3o transit\u00f3ria da enzima amilase ap\u00f3s o exame.<\/p>\n<p>Embora raramente, podem ocorrer complica\u00e7\u00f5es como pancreatite aguda ou perfura\u00e7\u00e3o. No caso de perfura\u00e7\u00e3o, pode ser necess\u00e1rio cirurgia de urg\u00eancia.<\/p>\n<p>Em alguns casos, o exame pode ser incompleto ou necessitar ser complementado, atrav\u00e9s de novo exame com preparo dos c\u00f3lons, por via retr\u00f3grada.<\/p>\n","protected":false},"excerpt":{"rendered":"<p>O que \u00e9? A videenteroscopia assistida por bal\u00e3o \u00e9 um exame no qual o aparelho similar aos demais endosc\u00f3pios, \u00e9 introduzido atrav\u00e9s da boca (via anter\u00f3grada) ou do \u00e2nus (via retr\u00f3grada) para o diagn\u00f3stico e tratamento de les\u00f5es do intestino delgado. Quando esta indicado? Este exame est\u00e1 indicado nos casos de sangramento vis\u00edvel ou oculto [&hellip;]<\/p>\n","protected":false},"author":1,"featured_media":0,"parent":86,"menu_order":0,"comment_status":"closed","ping_status":"open","template":"","meta":{"ngg_post_thumbnail":0,"footnotes":""},"class_list":["post-103","page","type-page","status-publish","hentry"],"aioseo_notices":[],"_links":{"self":[{"href":"https:\/\/sobedrj.com.br\/novo\/wp-json\/wp\/v2\/pages\/103","targetHints":{"allow":["GET"]}}],"collection":[{"href":"https:\/\/sobedrj.com.br\/novo\/wp-json\/wp\/v2\/pages"}],"about":[{"href":"https:\/\/sobedrj.com.br\/novo\/wp-json\/wp\/v2\/types\/page"}],"author":[{"embeddable":true,"href":"https:\/\/sobedrj.com.br\/novo\/wp-json\/wp\/v2\/users\/1"}],"replies":[{"embeddable":true,"href":"https:\/\/sobedrj.com.br\/novo\/wp-json\/wp\/v2\/comments?post=103"}],"version-history":[{"count":1,"href":"https:\/\/sobedrj.com.br\/novo\/wp-json\/wp\/v2\/pages\/103\/revisions"}],"predecessor-version":[{"id":104,"href":"https:\/\/sobedrj.com.br\/novo\/wp-json\/wp\/v2\/pages\/103\/revisions\/104"}],"up":[{"embeddable":true,"href":"https:\/\/sobedrj.com.br\/novo\/wp-json\/wp\/v2\/pages\/86"}],"wp:attachment":[{"href":"https:\/\/sobedrj.com.br\/novo\/wp-json\/wp\/v2\/media?parent=103"}],"curies":[{"name":"wp","href":"https:\/\/api.w.org\/{rel}","templated":true}]}}