{"id":106,"date":"2015-01-30T20:55:37","date_gmt":"2015-01-30T20:55:37","guid":{"rendered":"http:\/\/sobedrj.com.br\/novo\/?page_id=106"},"modified":"2019-04-02T14:35:09","modified_gmt":"2019-04-02T14:35:09","slug":"servicos-publicos-de-endoscopia-digestiva","status":"publish","type":"page","link":"https:\/\/sobedrj.com.br\/novo\/servicos-publicos-de-endoscopia-digestiva\/","title":{"rendered":"Servi\u00e7os P\u00fablicos de Endoscopia Digestiva"},"content":{"rendered":"<p style=\"text-align: center;\"><strong>SERVI\u00c7OS P\u00daBLICOS DE ENDOSCOPIA DIGESTIVA<\/strong><\/p>\n<p><strong>MUNICIPAL<\/strong><\/p>\n<p style=\"text-align: center;\"><strong>Hospital Municipal Miguel Couto<\/strong><\/p>\n<p>Rua Mario Ribeiro, 117. G\u00e1vea \u2013 CEP: 22430160<\/p>\n<p>Tel: (21) 3111-3800 \/ 3111\/3799 \/ 3111-3798 \/ 5538-6104<\/p>\n<p style=\"text-align: center;\"><strong>Hospital Municipal Souza Aguiar<\/strong><\/p>\n<p>Praca da Rep\u00fablica, 111. Centro \u2013 CEP: 20211-350<\/p>\n<p>Tel: (21) 3311-2600 \/ 3111-2679 \/ 2296-4114 \/ 3111-2626 \/ 3111-2601 \/ 3111-2729 \/ 3111-2728 \/ 3111-2717 (Endoscopia)<\/p>\n<p style=\"text-align: center;\"><strong>Hospital Municipal Louren\u00e7o Jorge<\/strong><\/p>\n<p>Avenida Ayrton Senna, 2000. Barra da Tijuca \u2013 CEP: 22775-003<\/p>\n<p>Tel: (21) 3111-4604 \/ (21) 3111-4607 \/ (21) 3111-4608 \/ (21) 3865-4652 \/ Fax: 3865-8183 \/ 2590-3495<\/p>\n<p style=\"text-align: center;\"><strong>Hospital de Curicica \u2013 Hospital Municipal Raphael de Paula Souza<\/strong><\/p>\n<p>Estrada de Curicica, 2000. Jacarepagu\u00e1 \u2013 CEP: 22710-552<\/p>\n<p>Tel: (21) 2425-2255 \/ 3392-4175 \/ 2441-4177 \/ 2445-0279 R. 2240 (Endoscopia) \/ Fax: 2445-1636<\/p>\n<p style=\"text-align: center;\"><strong>Hospital Municipal Piedade<\/strong><\/p>\n<p>Rua da Capela, 96. Piedade \u2013 CEP: 20740-310<\/p>\n<p>Tel: (21) 2597-1132 \/ 2597-1132 R. 270 \/ 2269-6497 \/ 2592-7585 \/ 2597-7846 R. 270 (Endoscopia)<\/p>\n<p style=\"text-align: center;\"><strong>Hospital Municipal Salgado Filho<\/strong><\/p>\n<p>Rua Arquias Cordeiro, 370. M\u00e9ier \u2013 CEP: 20770-000<\/p>\n<p>Tel: (21) 3111-4100 \/ 3111-4100 \/ 3111-4111 \/ 3111-4104<\/p>\n<p style=\"text-align: center;\"><strong>PAM\u00a0Ilha<\/strong><\/p>\n<p>Rua Combu, 191 3\u00ba andar. Jardim Carioca, Ilha do Governador \u2013 CEP: 21921-610<\/p>\n<p>Tel: (21) 3396-3514 \/ 3396-3514 \/ 3396-4950 \/ 3368-8201 \/ Fax: 3371-6686<\/p>\n<p style=\"text-align: center;\"><strong>PAM Matoso Servi\u00e7o de Cl\u00ednica M\u00e9dica<\/strong><\/p>\n<p>Rua do Matoso, 96 \u2013 Pra\u00e7a da Bandeira \u2013 CEP: 20270-130<\/p>\n<p>Tel: 2273-2996 \/ 22736222<\/p>\n<p style=\"text-align: center;\">PAM Iraj\u00e1 \u2013 Unidade Francisco da Silva Telles<\/p>\n<p>Av. Ubirajara, 25. Iraj\u00e1 \u2013 CEP: 21230-300<\/p>\n<p><strong>ESTADUAL<\/strong><\/p>\n<p style=\"text-align: center;\"><strong>Hospital Estadual Rocha Faria<\/strong><\/p>\n<p>Rua Cez\u00e1rio de Mello, 3215. Campo Grande \u2013 CEP: 23585-010<\/p>\n<p>Tel: 3394-0123<\/p>\n<p style=\"text-align: center;\"><strong>Instituto Estadual de Infectologia S\u00e3o Sebasti\u00e3o<\/strong><\/p>\n<p>Rua Carlos Seidi, 395. Caju \u2013 CEP: 20931-002<\/p>\n<p style=\"text-align: center;\"><strong>Instituto Estadual de Hematologia Arthur Siqueira Cavalcanti \u2013 HEMORIO<\/strong><\/p>\n<p>Rua Frei Caneca, 08. Centro \u2013 CEP: 20211-030<\/p>\n<p>Tel: (21) 2299-9442 \/ 9330-1902<\/p>\n<p style=\"text-align: center;\"><strong>Hospital Estadual Get\u00falio Vargas<\/strong><\/p>\n<p>Rua Lobo Junior, 2293. Penha \u2013 CEP: 21070-060<\/p>\n<p>Tel: (21) 2299-8229 \/ 2299-8246<\/p>\n<p style=\"text-align: center;\"><strong>Hospital Estadual Carlos Chagas<\/strong><\/p>\n<p>Av. Gal Oswaldo Cordeiro de Faria, 466. Marechal Hermes \u2013 CEP: 21610-480<\/p>\n<p>Tel: (21) 3390-0123 \/ 2489-8499<\/p>\n<p><strong>FEDERAL<\/strong><\/p>\n<p style=\"text-align: center;\"><strong>Hospital Escola S\u00e3o Francisco de Assis<\/strong><\/p>\n<p>Av. Presidente Vargas, 2863. Pra\u00e7a Onze \u2013 CEP: 20210-030<\/p>\n<p>Tel: (21) 2502-8558 \/ 3184-4429 (Endoscopia)<\/p>\n<p style=\"text-align: center;\"><strong>Hospital dos Servidores do Estado<\/strong><\/p>\n<p>Rua Sacadura Cabral, 178. Sa\u00fade \u2013 CEP: 20221-903<\/p>\n<p>Tel: (21) 2291-3131<\/p>\n<p style=\"text-align: center;\"><strong>Instituto Nacional do C\u00e2ncer \u2013 INCA<\/strong><\/p>\n<p>Pra\u00e7a da Cruz Vermelha, 23. Centro \u2013 CEP: 20230-130<\/p>\n<p>Tel: (21) 2506-6226 (Endoscopia) \/ 2506-6044<\/p>\n<p style=\"text-align: center;\"><strong>INTO \u2013 Instituto Nacional de Traumatologia e Ortopedia<\/strong><\/p>\n<p>Avenida Brasil, 500 \u2013 Cep: 20940-070<\/p>\n<p>Tel: (21) 2134-5000<\/p>\n<p>Email: <a href=\"mailto:into@into.saude.gov.br\">into@into.saude.gov.br<\/a><\/p>\n<p style=\"text-align: center;\"><strong>Instituto Fernandes Figueira<\/strong><\/p>\n<p>Av. Rui Barbosa, 716 4\u00ba andar. Flamengo \u2013 CEP: 22250-020<\/p>\n<p>Tel: (21) 2554-1700 \/ 2554-1835 (Endoscopia) \/ 2553-8094<\/p>\n<p style=\"text-align: center;\"><strong>Hospital Evandro Chagas &#8211; Instituto de Pesquisa Evandro Chagas \u2013 FIOCRUZ<\/strong><\/p>\n<p>Av. Brasil, 4365. Manguinhos \u2013 CEP: 21045-900<\/p>\n<p>Tel: (21) 3865-9595 \/ 3865-9665 (Endoscopia)<\/p>\n<p style=\"text-align: center;\"><strong>Hospital Federal Cardoso Fontes<\/strong><\/p>\n<p>Av. Menezes Cortes, 3245. Jacarepagu\u00e1 \u2013 CEP: 20715-190<\/p>\n<p>Tel: (21) 2425-4045 \/ 2425-2255 R. 203 \/ 2425-4204<\/p>\n<p style=\"text-align: center;\"><strong>Hospital Federal Geral de Bonsucesso<\/strong><\/p>\n<p>Av. Londres 616. Bonsucesso \u2013 CEP: 21041-030<\/p>\n<p>Tel: (21) 3977-9500 \/ 3977-9502 \/ 3977-9521 \/ 3977-9884 \/ Fax: 3977-9629<\/p>\n<p style=\"text-align: center;\"><strong>Hospital Geral do Andara\u00ed<\/strong><\/p>\n<p>Rua Leopoldo, 280. Andara\u00ed \u2013 CEP: 20541-170<\/p>\n<p>Tel: (21) 2238-7774 \/ 2575-7000 \/ 2268-4412 \/ 2288-3640 \/ Fax: 2238-7774 \/ 3977-9884 \/ 2575-7032 (Endoscopia)<\/p>\n<p style=\"text-align: center;\"><strong>Hospital Federal da Lagoa<\/strong><\/p>\n<p>Rua Jardim Bot\u00e2nico, 501. Lagoa \u2013 CEP: 22470- 050<\/p>\n<p>Tel: (21) 3111-5217 (Endoscopia) \/ 3111-5353 \/ 3111-5100<\/p>\n<p style=\"text-align: center;\"><strong>Hospital Federal de Ipanema<\/strong><\/p>\n<p>Rua Ant\u00f4nio Parreiras, 67 2\u00ba andar Sala 210 (Dire\u00e7\u00e3o). Ipanema \u2013 CEP: 22411-020<\/p>\n<p>Tel: (21) 2287-2322 \/ 3111-2303 \/ 3111-2343 \/ Fax: 3111-2304<\/p>\n<p><strong>UNIVERSIT\u00c1RIO<\/strong><\/p>\n<p style=\"text-align: center;\"><strong>Hospital Universit\u00e1rio Pedro Ernesto \u2013 HUPE\/ UERJ<\/strong><\/p>\n<p>Av. Boulevard 28 de Setembro, 77 &#8211; 3\u00ba andar. Vila Isabel \u2013 CEP: 20551-900<\/p>\n<p>Tel: (21) 2587-6100 \/ 2587-6358<\/p>\n<p style=\"text-align: center;\"><strong>Hospital Universit\u00e1rio Clementino Fraga Filho \u2013 HUCFF\/ UFRJ<\/strong><\/p>\n<p>Av. Brigadeiro Tropowsk, s\/n\u00ba. Ilha do Fund\u00e3o \u2013 CEP: 21941-590<\/p>\n<p>Tel: (21) 2562-2326<\/p>\n<p style=\"text-align: center;\"><strong>Hospital Escola S\u00e3o Francisco de Assis<\/strong><\/p>\n<p>Av. Presidente Vargas, 2863. Pra\u00e7a Onze \u2013 CEP: 20210-030<\/p>\n<p>Tel: (21) 3184-4400 (Dire\u00e7\u00e3o) \/ 2502-8558 \/ 3184-4429 (Endoscopia)<\/p>\n<p>E-mail: <a href=\"mailto:direcao@hesfa.usrj.br\">direcao@hesfa.usrj.br<\/a><\/p>\n<p style=\"text-align: center;\"><strong>Hospital Universit\u00e1rio Gafr\u00e9e Guinle \u2013 UNIRIO<\/strong><\/p>\n<p>Rua Mariz e Barros, 775. Tijuca \u2013 CEP: 20270-004<\/p>\n<p>Tel: (21) 2264-4251<\/p>\n<p style=\"text-align: center;\"><strong>Hospital Universit\u00e1rio Ant\u00f4nio Pedro \u2013 UFF<\/strong><\/p>\n<p>Rua Marques do Paran\u00e1, 303. Centro \u2013 Niter\u00f3i \u2013 CEP: 24033-900<\/p>\n<p>Tel: (21) 2629-9000<\/p>\n<p style=\"text-align: center;\"><strong>Policl\u00ednica Piquet Carneiro \u2013 UERJ<\/strong><\/p>\n<p>Av. Marechal Rondon, 381. S\u00e3o Francisco Xavier \u2013 CEP: 20950-003<\/p>\n<p>Tel: (21) 2587-8000 \/ 2587-8002 \/ Fax: 2568-7632<\/p>\n","protected":false},"excerpt":{"rendered":"<p>SERVI\u00c7OS P\u00daBLICOS DE ENDOSCOPIA DIGESTIVA MUNICIPAL Hospital Municipal Miguel Couto Rua Mario Ribeiro, 117. G\u00e1vea \u2013 CEP: 22430160 Tel: (21) 3111-3800 \/ 3111\/3799 \/ 3111-3798 \/ 5538-6104 Hospital Municipal Souza Aguiar Praca da Rep\u00fablica, 111. Centro \u2013 CEP: 20211-350 Tel: (21) 3311-2600 \/ 3111-2679 \/ 2296-4114 \/ 3111-2626 \/ 3111-2601 \/ 3111-2729 \/ 3111-2728 \/ [&hellip;]<\/p>\n","protected":false},"author":1,"featured_media":0,"parent":0,"menu_order":0,"comment_status":"closed","ping_status":"open","template":"","meta":{"ngg_post_thumbnail":0,"footnotes":""},"class_list":["post-106","page","type-page","status-publish","hentry"],"aioseo_notices":[],"_links":{"self":[{"href":"https:\/\/sobedrj.com.br\/novo\/wp-json\/wp\/v2\/pages\/106","targetHints":{"allow":["GET"]}}],"collection":[{"href":"https:\/\/sobedrj.com.br\/novo\/wp-json\/wp\/v2\/pages"}],"about":[{"href":"https:\/\/sobedrj.com.br\/novo\/wp-json\/wp\/v2\/types\/page"}],"author":[{"embeddable":true,"href":"https:\/\/sobedrj.com.br\/novo\/wp-json\/wp\/v2\/users\/1"}],"replies":[{"embeddable":true,"href":"https:\/\/sobedrj.com.br\/novo\/wp-json\/wp\/v2\/comments?post=106"}],"version-history":[{"count":2,"href":"https:\/\/sobedrj.com.br\/novo\/wp-json\/wp\/v2\/pages\/106\/revisions"}],"predecessor-version":[{"id":6973,"href":"https:\/\/sobedrj.com.br\/novo\/wp-json\/wp\/v2\/pages\/106\/revisions\/6973"}],"wp:attachment":[{"href":"https:\/\/sobedrj.com.br\/novo\/wp-json\/wp\/v2\/media?parent=106"}],"curies":[{"name":"wp","href":"https:\/\/api.w.org\/{rel}","templated":true}]}}