{"id":11350,"date":"2020-11-09T12:03:35","date_gmt":"2020-11-09T12:03:35","guid":{"rendered":"http:\/\/sobedrj.com.br\/novo\/?page_id=11350"},"modified":"2025-01-30T09:44:32","modified_gmt":"2025-01-30T12:44:32","slug":"residencia-medica-em-endoscopia","status":"publish","type":"page","link":"https:\/\/sobedrj.com.br\/novo\/residencia-medica-em-endoscopia\/","title":{"rendered":"Resid\u00eancia M\u00e9dica em Endoscopia"},"content":{"rendered":"<h2>RIO DE JANEIRO<\/h2>\n<ul>\n<li style=\"text-align: left;\"><strong>Instituto Nacional de C\u00e2ncer \u2013 INCA<\/strong><\/li>\n<\/ul>\n<p>Pra\u00e7a da Cruz Vermelha, 23. Centro \u2013 CEP: 20230-130<\/p>\n<p>Tel: (21) 2506-6226 (Endoscopia) \/ 2506-6044<\/p>\n<ul>\n<li style=\"text-align: left;\"><strong>Hospital Federal de Ipanema<\/strong><\/li>\n<\/ul>\n<p>Rua Ant\u00f4nio Parreiras, 67, 2\u00ba andar Sala 210 (Dire\u00e7\u00e3o). Ipanema \u2013 CEP: 22411-020<\/p>\n<p>Tel: (21) 2287-2322 \/ 3111-2303 \/ 3111-2343 \/ Fax: 3111-2304<\/p>\n<ul>\n<li style=\"text-align: left;\"><strong>Hospital Universit\u00e1rio Gafr\u00e9e Guinle \u2013 UNIRIO<\/strong><\/li>\n<\/ul>\n<p>Rua Mariz e Barros, 775. Tijuca \u2013 CEP: 20270-004<\/p>\n<p>Tel: (21) 2264-4251<\/p>\n<ul>\n<li><strong>Hospital Central da Pol\u00edcia Militar<\/strong><\/li>\n<\/ul>\n<p>Rua Est\u00e1cio de S\u00e1, 20, Est\u00e1cio, Rio de Janeiro, RJ. CEP: 20211-270<\/p>\n<p>Tel: (21) 2333-7621<\/p>\n<h2>PETR\u00d3POLIS<\/h2>\n<ul>\n<li style=\"text-align: left;\"><strong>Hospital de Ensino Alcides Carneiro<\/strong><\/li>\n<\/ul>\n<p>Rua Vig\u00e1rio Correa, 1.345, Corr\u00eaas, Petr\u00f3polis, RJ. CEP: 25720-265<\/p>\n<p>Tel: (24) 2236-6600<\/p>\n<p>&nbsp;<\/p>\n","protected":false},"excerpt":{"rendered":"<p>RIO DE JANEIRO Instituto Nacional de C\u00e2ncer \u2013 INCA Pra\u00e7a da Cruz Vermelha, 23. Centro \u2013 CEP: 20230-130 Tel: (21) 2506-6226 (Endoscopia) \/ 2506-6044 Hospital Federal de Ipanema Rua Ant\u00f4nio Parreiras, 67, 2\u00ba andar Sala 210 (Dire\u00e7\u00e3o). Ipanema \u2013 CEP: 22411-020 Tel: (21) 2287-2322 \/ 3111-2303 \/ 3111-2343 \/ Fax: 3111-2304 Hospital Universit\u00e1rio Gafr\u00e9e Guinle [&hellip;]<\/p>\n","protected":false},"author":1,"featured_media":0,"parent":0,"menu_order":0,"comment_status":"closed","ping_status":"closed","template":"","meta":{"ngg_post_thumbnail":0,"footnotes":""},"class_list":["post-11350","page","type-page","status-publish","hentry"],"aioseo_notices":[],"_links":{"self":[{"href":"https:\/\/sobedrj.com.br\/novo\/wp-json\/wp\/v2\/pages\/11350","targetHints":{"allow":["GET"]}}],"collection":[{"href":"https:\/\/sobedrj.com.br\/novo\/wp-json\/wp\/v2\/pages"}],"about":[{"href":"https:\/\/sobedrj.com.br\/novo\/wp-json\/wp\/v2\/types\/page"}],"author":[{"embeddable":true,"href":"https:\/\/sobedrj.com.br\/novo\/wp-json\/wp\/v2\/users\/1"}],"replies":[{"embeddable":true,"href":"https:\/\/sobedrj.com.br\/novo\/wp-json\/wp\/v2\/comments?post=11350"}],"version-history":[{"count":5,"href":"https:\/\/sobedrj.com.br\/novo\/wp-json\/wp\/v2\/pages\/11350\/revisions"}],"predecessor-version":[{"id":17447,"href":"https:\/\/sobedrj.com.br\/novo\/wp-json\/wp\/v2\/pages\/11350\/revisions\/17447"}],"wp:attachment":[{"href":"https:\/\/sobedrj.com.br\/novo\/wp-json\/wp\/v2\/media?parent=11350"}],"curies":[{"name":"wp","href":"https:\/\/api.w.org\/{rel}","templated":true}]}}