{"id":12,"date":"2015-01-30T18:19:01","date_gmt":"2015-01-30T18:19:01","guid":{"rendered":"http:\/\/sobedrj.com.br\/novo\/?page_id=12"},"modified":"2025-01-30T15:50:47","modified_gmt":"2025-01-30T18:50:47","slug":"nossa-historia","status":"publish","type":"page","link":"https:\/\/sobedrj.com.br\/novo\/nossa-historia\/","title":{"rendered":"Nossa hist\u00f3ria"},"content":{"rendered":"<p align=\"justify\"><strong>NOSSA HIST\u00d3RIA<\/strong><\/p>\n<p align=\"justify\">Ap\u00f3s 3 anos da funda\u00e7\u00e3o da SOBED nacional (25\/julho\/1975), o cap\u00edtulo do Rio de Janeiro foi criado com o objetivo de cuidar do aprimoramento t\u00e9cnico-cient\u00edfico de seus associados. Sua 1\u00aa diretoria, eleita para o bi\u00eanio 1978\/1980, teve como presidente Glaciomar Machado. As diretorias que o sucederam foram, por ordem, Luiz Leite Luna, Cleber Vargas, Edson Jurado, Alexandre Abr\u00e3o Neto, Dante Martins Dorigo, Francisco Medina, Gilberto Mansur, Jos\u00e9 Geraldo A. de Menezes, Israel Medrado, Gra\u00e7a Dias, Paulo Pinho, Luiz P. Quinellato, Jos\u00e9 Carlos Barroso,&nbsp;Huang Ling Fang, Afonso Paredes, Jos\u00e9 Narciso de Carvalho Neto e Jos\u00e9 Edmilson Ferreira da Silva.<\/p>\n<p align=\"justify\">Com estrutura societ\u00e1ria b\u00e1sica, poucos recursos financeiros e participa\u00e7\u00e3o limitada dos endoscopistas, a SOBED-RJ enfrentou muitas dificuldades no in\u00edcio. Por\u00e9m, alguns eventos cient\u00edficos, como cursos e reuni\u00f5es eventuais, foram progressivamente realizados. Ao longo das diversas diretorias, tornou-se evidente a necessidade de organizar a sociedade, de forma a permitir seu crescimento cont\u00ednuo e permanente, o que passou a nortear as a\u00e7\u00f5es de cada gest\u00e3o.<\/p>\n<p align=\"justify\">Hoje, com estrutura societ\u00e1ria mais organizada, a SOBED-RJ realiza reuni\u00f5es cient\u00edficas mensais, tem sede pr\u00f3pria completamente informatizada e assessoria profissional espec\u00edfica nas \u00e1reas jur\u00eddicas, \u00e9ticas, cont\u00e1beis e tribut\u00e1rias, o que produz pareceres e documentos sobre todos os temas de interesse societ\u00e1rio contidos no \u00e2mbito da Endoscopia Digestiva.<\/p>\n","protected":false},"excerpt":{"rendered":"<p>NOSSA HIST\u00d3RIA Ap\u00f3s 3 anos da funda\u00e7\u00e3o da SOBED nacional (25\/julho\/1975), o cap\u00edtulo do Rio de Janeiro foi criado com o objetivo de cuidar do aprimoramento t\u00e9cnico-cient\u00edfico de seus associados. Sua 1\u00aa diretoria, eleita para o bi\u00eanio 1978\/1980, teve como presidente Glaciomar Machado. As diretorias que o sucederam foram, por ordem, Luiz Leite Luna, Cleber [&hellip;]<\/p>\n","protected":false},"author":1,"featured_media":0,"parent":0,"menu_order":0,"comment_status":"closed","ping_status":"closed","template":"","meta":{"ngg_post_thumbnail":0,"footnotes":""},"class_list":["post-12","page","type-page","status-publish","hentry"],"aioseo_notices":[],"_links":{"self":[{"href":"https:\/\/sobedrj.com.br\/novo\/wp-json\/wp\/v2\/pages\/12","targetHints":{"allow":["GET"]}}],"collection":[{"href":"https:\/\/sobedrj.com.br\/novo\/wp-json\/wp\/v2\/pages"}],"about":[{"href":"https:\/\/sobedrj.com.br\/novo\/wp-json\/wp\/v2\/types\/page"}],"author":[{"embeddable":true,"href":"https:\/\/sobedrj.com.br\/novo\/wp-json\/wp\/v2\/users\/1"}],"replies":[{"embeddable":true,"href":"https:\/\/sobedrj.com.br\/novo\/wp-json\/wp\/v2\/comments?post=12"}],"version-history":[{"count":4,"href":"https:\/\/sobedrj.com.br\/novo\/wp-json\/wp\/v2\/pages\/12\/revisions"}],"predecessor-version":[{"id":17472,"href":"https:\/\/sobedrj.com.br\/novo\/wp-json\/wp\/v2\/pages\/12\/revisions\/17472"}],"wp:attachment":[{"href":"https:\/\/sobedrj.com.br\/novo\/wp-json\/wp\/v2\/media?parent=12"}],"curies":[{"name":"wp","href":"https:\/\/api.w.org\/{rel}","templated":true}]}}