{"id":12144,"date":"2021-04-05T21:27:53","date_gmt":"2021-04-05T21:27:53","guid":{"rendered":"http:\/\/sobedrj.com.br\/novo\/?page_id=12144"},"modified":"2025-01-21T11:03:14","modified_gmt":"2025-01-21T14:03:14","slug":"documentacoes","status":"publish","type":"page","link":"https:\/\/sobedrj.com.br\/novo\/documentacoes\/","title":{"rendered":"Documenta\u00e7\u00f5es"},"content":{"rendered":"<ul>\n<li><a href=\"http:\/\/sobedrj.com.br\/novo\/wp-content\/uploads\/2021\/04\/parecer_01_-Cursos-de-Pos-Graduac\u0327a\u0303o.pdf\" target=\"_blank\" rel=\"noopener\">Parecer 01\/2021 da Comiss\u00e3o de \u00c9tica e Defesa Profissional da SOBED:&nbsp;curso de p\u00f3s-gradua\u00e7\u00e3o n\u00e3o \u00e9 capacita\u00e7\u00e3o para a especialidade<\/a><\/li>\n<li><a href=\"https:\/\/sobedrj.com.br\/novo\/wp-content\/uploads\/2021\/04\/10_2021.pdf\" target=\"_blank\" rel=\"noopener\">Parecer Cremerj n\u00ba 10\/2021:&nbsp;realiza\u00e7\u00e3o de exames de urg\u00eancia de endoscopia digestiva pedi\u00e1trica<\/a><\/li>\n<\/ul>\n","protected":false},"excerpt":{"rendered":"<p>Parecer 01\/2021 da Comiss\u00e3o de \u00c9tica e Defesa Profissional da SOBED:&nbsp;curso de p\u00f3s-gradua\u00e7\u00e3o n\u00e3o \u00e9 capacita\u00e7\u00e3o para a especialidade Parecer Cremerj n\u00ba 10\/2021:&nbsp;realiza\u00e7\u00e3o de exames de urg\u00eancia de endoscopia digestiva pedi\u00e1trica<\/p>\n","protected":false},"author":1,"featured_media":0,"parent":0,"menu_order":0,"comment_status":"closed","ping_status":"closed","template":"","meta":{"ngg_post_thumbnail":0,"footnotes":""},"class_list":["post-12144","page","type-page","status-publish","hentry"],"aioseo_notices":[],"_links":{"self":[{"href":"https:\/\/sobedrj.com.br\/novo\/wp-json\/wp\/v2\/pages\/12144","targetHints":{"allow":["GET"]}}],"collection":[{"href":"https:\/\/sobedrj.com.br\/novo\/wp-json\/wp\/v2\/pages"}],"about":[{"href":"https:\/\/sobedrj.com.br\/novo\/wp-json\/wp\/v2\/types\/page"}],"author":[{"embeddable":true,"href":"https:\/\/sobedrj.com.br\/novo\/wp-json\/wp\/v2\/users\/1"}],"replies":[{"embeddable":true,"href":"https:\/\/sobedrj.com.br\/novo\/wp-json\/wp\/v2\/comments?post=12144"}],"version-history":[{"count":4,"href":"https:\/\/sobedrj.com.br\/novo\/wp-json\/wp\/v2\/pages\/12144\/revisions"}],"predecessor-version":[{"id":17201,"href":"https:\/\/sobedrj.com.br\/novo\/wp-json\/wp\/v2\/pages\/12144\/revisions\/17201"}],"wp:attachment":[{"href":"https:\/\/sobedrj.com.br\/novo\/wp-json\/wp\/v2\/media?parent=12144"}],"curies":[{"name":"wp","href":"https:\/\/api.w.org\/{rel}","templated":true}]}}