{"id":12410,"date":"2021-05-19T10:21:19","date_gmt":"2021-05-19T10:21:19","guid":{"rendered":"http:\/\/sobedrj.com.br\/novo\/?page_id=12410"},"modified":"2025-01-29T11:14:39","modified_gmt":"2025-01-29T14:14:39","slug":"apresentacao-de-videos","status":"publish","type":"page","link":"https:\/\/sobedrj.com.br\/novo\/apresentacao-de-videos\/","title":{"rendered":"Apresenta\u00e7\u00e3o de v\u00eddeos"},"content":{"rendered":"<p><img loading=\"lazy\" decoding=\"async\" class=\"aligncenter wp-image-7\" src=\"http:\/\/sobedrj.com.br\/novo\/wp-content\/uploads\/2015\/01\/index_logo.png\" alt=\"\" width=\"360\" height=\"84\" srcset=\"https:\/\/sobedrj.com.br\/novo\/wp-content\/uploads\/2015\/01\/index_logo.png 510w, https:\/\/sobedrj.com.br\/novo\/wp-content\/uploads\/2015\/01\/index_logo-300x70.png 300w\" sizes=\"auto, (max-width: 360px) 100vw, 360px\" \/><\/p>\n<p>A Comiss\u00e3o Cient\u00edfica da SOBED-RJ recebe v\u00eddeos de casos interessantes em Endoscopia Digestiva tendo em vista a divulga\u00e7\u00e3o dos mesmos em nossos site e redes sociais (com collab). As melhores apresenta\u00e7\u00f5es estar\u00e3o em um dos dois eventos presenciais da SOBED\/RJ de 2025.<\/p>\n<p><u>Objetivo:<\/u> Compartilhamento de v\u00eddeos de casos interessantes de endoscopia digestiva que ser\u00e3o divulgados nas redes sociais e disponibilizados de forma aberta e gratuita no site da SOBED-RJ.<\/p>\n<p><u>Conte\u00fado e formato: <\/u>V\u00eddeo com \u00e1udio explicativo, com dura\u00e7\u00e3o entre 5-10 minutos, contendo m\u00eddia pertinente ao caso exposto. A inclus\u00e3o de legendas \u00e9 sugerida. O v\u00eddeo deve conter os nomes dos autores e da institui\u00e7\u00e3o.<\/p>\n<p><u>Autores:<\/u> Um ou dois autores. Em Servi\u00e7os com residentes, estimula-se a inclus\u00e3o dos mesmos, sob orienta\u00e7\u00e3o de seu respectivo staff. Os cr\u00e9ditos da autoria, al\u00e9m da respectiva institui\u00e7\u00e3o ser\u00e3o divulgados nas m\u00eddias sociais e no site da SOBED-RJ. Os autores devem ser filiados adimplentes \u00e0 SOBED. Caso o autor esteja cursando a Resid\u00eancia M\u00e9dica, deve haver coautoria com endoscopista associado.<\/p>\n<p><u>Periodicidade:<\/u> Mensal, a partir de mar\u00e7o\/2025.<\/p>\n<p>Para o envio do v\u00eddeo atrav\u00e9s de um link na nuvem, sugere-se utilizar o <a href=\"https:\/\/wetransfer.com\/\" target=\"_blank\" rel=\"noopener\">We Transfer<\/a> para evitar poss\u00edveis restri\u00e7\u00f5es de compartilhamento que existem no Google Drive e no ICloud.<\/p>\n<p><strong>PARTICIPE!<\/strong><\/p>\n<p>ENVIE SEU V\u00cdDEO:<\/p>\n\n<div class=\"wpcf7 no-js\" id=\"wpcf7-f17237-o1\" lang=\"pt-BR\" dir=\"ltr\" data-wpcf7-id=\"17237\">\n<div class=\"screen-reader-response\"><p role=\"status\" aria-live=\"polite\" aria-atomic=\"true\"><\/p> <ul><\/ul><\/div>\n<form action=\"\/novo\/wp-json\/wp\/v2\/pages\/12410#wpcf7-f17237-o1\" method=\"post\" class=\"wpcf7-form init\" aria-label=\"Formul\u00e1rios de contato\" novalidate=\"novalidate\" data-status=\"init\">\n<fieldset class=\"hidden-fields-container\"><input type=\"hidden\" name=\"_wpcf7\" value=\"17237\" \/><input type=\"hidden\" name=\"_wpcf7_version\" value=\"6.1.5\" \/><input type=\"hidden\" name=\"_wpcf7_locale\" value=\"pt_BR\" \/><input type=\"hidden\" name=\"_wpcf7_unit_tag\" value=\"wpcf7-f17237-o1\" \/><input type=\"hidden\" name=\"_wpcf7_container_post\" value=\"0\" \/><input type=\"hidden\" name=\"_wpcf7_posted_data_hash\" value=\"\" \/><input type=\"hidden\" name=\"_wpcf7_recaptcha_response\" value=\"\" \/>\n<\/fieldset>\n<p>Nome\n<\/p>\n<p><span class=\"wpcf7-form-control-wrap\" data-name=\"your-name\"><input size=\"40\" maxlength=\"400\" class=\"wpcf7-form-control wpcf7-text wpcf7-validates-as-required\" aria-required=\"true\" aria-invalid=\"false\" value=\"\" type=\"text\" name=\"your-name\" \/><\/span>\n<\/p>\n<p>E-mail\n<\/p>\n<p><span class=\"wpcf7-form-control-wrap\" data-name=\"your-email\"><input size=\"40\" maxlength=\"400\" class=\"wpcf7-form-control wpcf7-email wpcf7-validates-as-required wpcf7-text wpcf7-validates-as-email\" aria-required=\"true\" aria-invalid=\"false\" value=\"\" type=\"email\" name=\"your-email\" \/><\/span>\n<\/p>\n<p>Link do v\u00eddeo\n<\/p>\n<p><span class=\"wpcf7-form-control-wrap\" data-name=\"link\"><input size=\"40\" maxlength=\"400\" class=\"wpcf7-form-control wpcf7-text wpcf7-validates-as-required\" aria-required=\"true\" aria-invalid=\"false\" value=\"\" type=\"text\" name=\"link\" \/><\/span>\n<\/p>\n<p><input class=\"wpcf7-form-control wpcf7-submit has-spinner\" type=\"submit\" value=\"Enviar\" \/>\n<\/p><div class=\"wpcf7-response-output\" aria-hidden=\"true\"><\/div>\n<\/form>\n<\/div>\n\n","protected":false},"excerpt":{"rendered":"<p>A Comiss\u00e3o Cient\u00edfica da SOBED-RJ recebe v\u00eddeos de casos interessantes em Endoscopia Digestiva tendo em vista a divulga\u00e7\u00e3o dos mesmos em nossos site e redes sociais (com collab). As melhores apresenta\u00e7\u00f5es estar\u00e3o em um dos dois eventos presenciais da SOBED\/RJ de 2025. Objetivo: Compartilhamento de v\u00eddeos de casos interessantes de endoscopia digestiva que ser\u00e3o divulgados [&hellip;]<\/p>\n","protected":false},"author":1,"featured_media":0,"parent":0,"menu_order":0,"comment_status":"closed","ping_status":"closed","template":"","meta":{"ngg_post_thumbnail":0,"footnotes":""},"class_list":["post-12410","page","type-page","status-publish","hentry"],"aioseo_notices":[],"_links":{"self":[{"href":"https:\/\/sobedrj.com.br\/novo\/wp-json\/wp\/v2\/pages\/12410","targetHints":{"allow":["GET"]}}],"collection":[{"href":"https:\/\/sobedrj.com.br\/novo\/wp-json\/wp\/v2\/pages"}],"about":[{"href":"https:\/\/sobedrj.com.br\/novo\/wp-json\/wp\/v2\/types\/page"}],"author":[{"embeddable":true,"href":"https:\/\/sobedrj.com.br\/novo\/wp-json\/wp\/v2\/users\/1"}],"replies":[{"embeddable":true,"href":"https:\/\/sobedrj.com.br\/novo\/wp-json\/wp\/v2\/comments?post=12410"}],"version-history":[{"count":12,"href":"https:\/\/sobedrj.com.br\/novo\/wp-json\/wp\/v2\/pages\/12410\/revisions"}],"predecessor-version":[{"id":17240,"href":"https:\/\/sobedrj.com.br\/novo\/wp-json\/wp\/v2\/pages\/12410\/revisions\/17240"}],"wp:attachment":[{"href":"https:\/\/sobedrj.com.br\/novo\/wp-json\/wp\/v2\/media?parent=12410"}],"curies":[{"name":"wp","href":"https:\/\/api.w.org\/{rel}","templated":true}]}}