{"id":175,"date":"2015-02-02T18:39:48","date_gmt":"2015-02-02T18:39:48","guid":{"rendered":"http:\/\/sobedrj.com.br\/novo\/?page_id=175"},"modified":"2025-01-30T16:54:37","modified_gmt":"2025-01-30T19:54:37","slug":"termos-de-consentimento","status":"publish","type":"page","link":"https:\/\/sobedrj.com.br\/novo\/termos-de-consentimento\/","title":{"rendered":"Termos de consentimento"},"content":{"rendered":"<p><strong>TERMOS DE CONSENTIMENTO INFORMADO<\/strong><\/p>\n<ul>\n<li><a href=\"http:\/\/sobedrj.com.br\/novo\/wp-content\/uploads\/2015\/02\/sobedrj-ato_de_revogacao.pdf\" target=\"_blank\" rel=\"noopener\">Ato de Revoga\u00e7\u00e3o<\/a><\/li>\n<li><a href=\"http:\/\/sobedrj.com.br\/novo\/wp-content\/uploads\/2015\/02\/sobedrj-orientacao_pos_endoscopia.pdf\" target=\"_blank\" rel=\"noopener\">Orienta\u00e7\u00e3o P\u00f3s-Endoscopia Digestiva Alta Diagn\u00f3stica e\/ou Terap\u00eautica<\/a><\/li>\n<li><a href=\"http:\/\/sobedrj.com.br\/novo\/wp-content\/uploads\/2015\/02\/sobedrj-consentimento_informado_para_colangiopancreatografia.pdf\" target=\"_blank\" rel=\"noopener\">Colangiopancreatografia Endosc\u00f3pica Retr\u00f3grada (CPER)<\/a><\/li>\n<li><a href=\"http:\/\/sobedrj.com.br\/novo\/wp-content\/uploads\/2015\/02\/sobedrj-consentimento_informado_para_colonoscopia.pdf\" target=\"_blank\" rel=\"noopener\">Colonoscopia<\/a><\/li>\n<li><a href=\"http:\/\/sobedrj.com.br\/novo\/wp-content\/uploads\/2015\/02\/sobedrj-consentimento_informado_para_ecoendoscopia_baixa.pdf\" target=\"_blank\" rel=\"noopener\">Ecoendoscopia Baixa<\/a><\/li>\n<li><a href=\"http:\/\/sobedrj.com.br\/novo\/wp-content\/uploads\/2015\/02\/sobedrj-consentimento_informado_para_ecoendoscopia_puncao.pdf\" target=\"_blank\" rel=\"noopener\">Ecoendoscopia e\/ou Ecoendoscopia com Pun\u00e7\u00e3o por Agulha<\/a><\/li>\n<li><a href=\"http:\/\/sobedrj.com.br\/novo\/wp-content\/uploads\/2015\/02\/sobedrj-consentimento_informado_para_endoscopia_digestiva_alta.pdf\" target=\"_blank\" rel=\"noopener\">Endoscopia Digestiva Alta<\/a><\/li>\n<li><a href=\"http:\/\/sobedrj.com.br\/novo\/wp-content\/uploads\/2015\/02\/sobedrj-consentimento_informado_para_endoscopia_digestiva_alta_dilatacao.pdf\" target=\"_blank\" rel=\"noopener\">Endoscopia Digestiva Alta Terap\u00eautica com Dilata\u00e7\u00e3o<\/a><\/li>\n<li><a href=\"http:\/\/sobedrj.com.br\/novo\/wp-content\/uploads\/2015\/02\/sobedrj-consentimento_informado_para_endoscopia_digestiva_alta_gastrostomia.pdf\" target=\"_blank\" rel=\"noopener\">Endoscopia Digestiva Alta com Procedimento Terap\u00eautico: Gastrostomia Endosc\u00f3pica<\/a><\/li>\n<li><a href=\"http:\/\/sobedrj.com.br\/novo\/wp-content\/uploads\/2015\/02\/sobedrj-consentimento_informado_para_endoscopia_digestiva_alta_sangramento_digestivo.pdf\" target=\"_blank\" rel=\"noopener\">Endoscopia Digestiva Alta Sangramento Digestivo<\/a><\/li>\n<li><a href=\"http:\/\/sobedrj.com.br\/novo\/wp-content\/uploads\/2015\/02\/sobedrj-consentimento_informado_para_endoscopia_digestiva_alta_endoproteses.pdf\" target=\"_blank\" rel=\"noopener\">Endoscopia Digestiva Alta com Procedimento Terap\u00eautico: Endopr\u00f3teses<\/a><\/li>\n<li><a href=\"http:\/\/sobedrj.com.br\/novo\/wp-content\/uploads\/2015\/02\/sobedrj-consentimento_informado_para_enteroscopia_capsula.pdf%20\" target=\"_blank\" rel=\"noopener\">Enteroscopia por C\u00e1psula<\/a><\/li>\n<li><a href=\"http:\/\/sobedrj.com.br\/novo\/wp-content\/uploads\/2015\/02\/sobedrj-consentimento_informado_para_videoenteroscopia.pdf\" target=\"_blank\" rel=\"noopener\">Videoenteroscopia Assistida por Duplo-Bal\u00e3o<\/a><\/li>\n<\/ul>\n","protected":false},"excerpt":{"rendered":"<p>TERMOS DE CONSENTIMENTO INFORMADO Ato de Revoga\u00e7\u00e3o Orienta\u00e7\u00e3o P\u00f3s-Endoscopia Digestiva Alta Diagn\u00f3stica e\/ou Terap\u00eautica Colangiopancreatografia Endosc\u00f3pica Retr\u00f3grada (CPER) Colonoscopia Ecoendoscopia Baixa Ecoendoscopia e\/ou Ecoendoscopia com Pun\u00e7\u00e3o por Agulha Endoscopia Digestiva Alta Endoscopia Digestiva Alta Terap\u00eautica com Dilata\u00e7\u00e3o Endoscopia Digestiva Alta com Procedimento Terap\u00eautico: Gastrostomia Endosc\u00f3pica Endoscopia Digestiva Alta Sangramento Digestivo Endoscopia Digestiva Alta com Procedimento [&hellip;]<\/p>\n","protected":false},"author":1,"featured_media":17502,"parent":0,"menu_order":0,"comment_status":"closed","ping_status":"closed","template":"","meta":{"ngg_post_thumbnail":0,"footnotes":""},"class_list":["post-175","page","type-page","status-publish","has-post-thumbnail","hentry"],"aioseo_notices":[],"_links":{"self":[{"href":"https:\/\/sobedrj.com.br\/novo\/wp-json\/wp\/v2\/pages\/175","targetHints":{"allow":["GET"]}}],"collection":[{"href":"https:\/\/sobedrj.com.br\/novo\/wp-json\/wp\/v2\/pages"}],"about":[{"href":"https:\/\/sobedrj.com.br\/novo\/wp-json\/wp\/v2\/types\/page"}],"author":[{"embeddable":true,"href":"https:\/\/sobedrj.com.br\/novo\/wp-json\/wp\/v2\/users\/1"}],"replies":[{"embeddable":true,"href":"https:\/\/sobedrj.com.br\/novo\/wp-json\/wp\/v2\/comments?post=175"}],"version-history":[{"count":5,"href":"https:\/\/sobedrj.com.br\/novo\/wp-json\/wp\/v2\/pages\/175\/revisions"}],"predecessor-version":[{"id":6971,"href":"https:\/\/sobedrj.com.br\/novo\/wp-json\/wp\/v2\/pages\/175\/revisions\/6971"}],"wp:featuredmedia":[{"embeddable":true,"href":"https:\/\/sobedrj.com.br\/novo\/wp-json\/wp\/v2\/media\/17502"}],"wp:attachment":[{"href":"https:\/\/sobedrj.com.br\/novo\/wp-json\/wp\/v2\/media?parent=175"}],"curies":[{"name":"wp","href":"https:\/\/api.w.org\/{rel}","templated":true}]}}