{"id":17618,"date":"2025-03-19T05:44:22","date_gmt":"2025-03-19T08:44:22","guid":{"rendered":"https:\/\/sobedrj.com.br\/novo\/?page_id=17618"},"modified":"2025-03-19T05:44:22","modified_gmt":"2025-03-19T08:44:22","slug":"prevencao-ao-cancer-colorretal","status":"publish","type":"page","link":"https:\/\/sobedrj.com.br\/novo\/prevencao-ao-cancer-colorretal\/","title":{"rendered":"Preven\u00e7\u00e3o ao c\u00e2ncer colorretal"},"content":{"rendered":"<p>O c\u00e2ncer colorretal (CCR) \u00e9 o termo utilizado para o c\u00e2ncer que acomete o intestino grosso e reto.<\/p>\n<p>Mundialmente sua incid\u00eancia \u00e9 vari\u00e1vel, sendo o terceiro tipo mais comum de c\u00e2ncer diagnosticado em homens, e o segundo em mulheres. No Brasil, o n\u00famero de casos novos para o ano de 2025 \u00e9 de aproximadamente 45.630 casos, com tend\u00eancia para mais de 60 mil casos em 2050, com o envelhecimento da popula\u00e7\u00e3o. \u00c9 um problema de sa\u00fade p\u00fablica a ser enfrentado.<\/p>\n<p>Os fatores de risco da doen\u00e7a est\u00e3o relacionados ao estilo de vida, como o consumo de alimentos processados, obesidade, sedentarismo, tabagismo,&nbsp; condi\u00e7\u00f5es gen\u00e9ticas e heredit\u00e1rias ou ocupacionais.<\/p>\n<p>O CCR quando d\u00e1 sintomas j\u00e1 se encontra em fase avan\u00e7ada com muitas chances de evolu\u00e7\u00e3o desfavor\u00e1vel, enquanto indiv\u00edduos sem sintomas, em mais de 90% dos casos t\u00eam chance de cura.<\/p>\n<p>A colonoscopia \u00e9 o exame mais sens\u00edvel para o rastreamento porque pode identificar e tratar les\u00f5es pr\u00e9 cancer\u00edgenas (adenomas) ou carcinomas em est\u00e1gio inicial, precoce. H\u00e1 duas formas de rastreamento: a populacional ou universal (direito de todos) e a oportun\u00edstica, quando o exame \u00e9 solicitado dentre outros exames de rotina.<\/p>\n<p>O rastreamento populacional apresenta desafios socioecon\u00f4micos, diferen\u00e7as geogr\u00e1ficas e barreiras de diversas origens na sua execu\u00e7\u00e3o, principalmente em um pa\u00eds continental como o Brasil.<\/p>\n<p>Antes da colonoscopia pode estar indicado o estudo de sangue nas fezes, m\u00e9todo de triagem, n\u00e3o invasivo e, se positivo, a colonoscopia \u00e9 mandat\u00f3ria.<\/p>\n<p>O principal objetivo do rastreamento do c\u00e2ncer colorretal \u00e9 diminuir a mortalidade da doen\u00e7a.<\/p>\n<p>As principais recomenda\u00e7\u00f5es para o rastreamento s\u00e3o:<\/p>\n<ul>\n<li>indiv\u00edduos com 45 anos ou mais;<\/li>\n<li>hist\u00f3ria pessoal ou familiar de c\u00e2ncer colorretal ou p\u00f3lipos;<\/li>\n<li>s\u00edndromes gen\u00e9ticas e heredit\u00e1rias;<\/li>\n<li>hist\u00f3ria de doen\u00e7a inflamat\u00f3ria intestinal.<\/li>\n<\/ul>\n<h2 style=\"text-align: center;\"><strong>CONVERSE COM SEU M\u00c9DICO.<\/strong><\/h2>\n<h2 style=\"text-align: center;\"><strong>ELE \u00c9 A MELHOR PESSOA PARA ORIENT\u00c1-LO QUANTO A PREVEN\u00c7\u00c3O.<\/strong><\/h2>\n<h6><em>REFER\u00caNCIAS: INCA\/MS E GLOBOCAN 2021<\/em><\/h6>\n","protected":false},"excerpt":{"rendered":"<p>O c\u00e2ncer colorretal (CCR) \u00e9 o termo utilizado para o c\u00e2ncer que acomete o intestino grosso e reto. Mundialmente sua incid\u00eancia \u00e9 vari\u00e1vel, sendo o terceiro tipo mais comum de c\u00e2ncer diagnosticado em homens, e o segundo em mulheres. No Brasil, o n\u00famero de casos novos para o ano de 2025 \u00e9 de aproximadamente 45.630 [&hellip;]<\/p>\n","protected":false},"author":1,"featured_media":17619,"parent":0,"menu_order":0,"comment_status":"closed","ping_status":"closed","template":"","meta":{"ngg_post_thumbnail":0,"footnotes":""},"class_list":["post-17618","page","type-page","status-publish","has-post-thumbnail","hentry"],"aioseo_notices":[],"_links":{"self":[{"href":"https:\/\/sobedrj.com.br\/novo\/wp-json\/wp\/v2\/pages\/17618","targetHints":{"allow":["GET"]}}],"collection":[{"href":"https:\/\/sobedrj.com.br\/novo\/wp-json\/wp\/v2\/pages"}],"about":[{"href":"https:\/\/sobedrj.com.br\/novo\/wp-json\/wp\/v2\/types\/page"}],"author":[{"embeddable":true,"href":"https:\/\/sobedrj.com.br\/novo\/wp-json\/wp\/v2\/users\/1"}],"replies":[{"embeddable":true,"href":"https:\/\/sobedrj.com.br\/novo\/wp-json\/wp\/v2\/comments?post=17618"}],"version-history":[{"count":1,"href":"https:\/\/sobedrj.com.br\/novo\/wp-json\/wp\/v2\/pages\/17618\/revisions"}],"predecessor-version":[{"id":17620,"href":"https:\/\/sobedrj.com.br\/novo\/wp-json\/wp\/v2\/pages\/17618\/revisions\/17620"}],"wp:featuredmedia":[{"embeddable":true,"href":"https:\/\/sobedrj.com.br\/novo\/wp-json\/wp\/v2\/media\/17619"}],"wp:attachment":[{"href":"https:\/\/sobedrj.com.br\/novo\/wp-json\/wp\/v2\/media?parent=17618"}],"curies":[{"name":"wp","href":"https:\/\/api.w.org\/{rel}","templated":true}]}}