{"id":18,"date":"2015-01-30T18:26:14","date_gmt":"2015-01-30T18:26:14","guid":{"rendered":"http:\/\/sobedrj.com.br\/novo\/?page_id=18"},"modified":"2025-01-30T15:51:34","modified_gmt":"2025-01-30T18:51:34","slug":"comissoes","status":"publish","type":"page","link":"https:\/\/sobedrj.com.br\/novo\/comissoes\/","title":{"rendered":"Comiss\u00f5es"},"content":{"rendered":"<p><strong>COMISS\u00c3O CIENT\u00cdFICA<\/strong><\/p>\n<ul>\n<li>Eduardo Viegas <em>presidente<\/em><\/li>\n<li>\u00c9lio Castro<\/li>\n<li>Evelyn Chinem<\/li>\n<li>Renata Amorim,<\/li>\n<li>Viviane Fittipaldi<\/li>\n<li>Huang Ling Fang<\/li>\n<\/ul>\n","protected":false},"excerpt":{"rendered":"<p>COMISS\u00c3O CIENT\u00cdFICA Eduardo Viegas presidente \u00c9lio Castro Evelyn Chinem Renata Amorim, Viviane Fittipaldi Huang Ling Fang<\/p>\n","protected":false},"author":1,"featured_media":0,"parent":0,"menu_order":0,"comment_status":"closed","ping_status":"closed","template":"","meta":{"ngg_post_thumbnail":0,"footnotes":""},"class_list":["post-18","page","type-page","status-publish","hentry"],"aioseo_notices":[],"_links":{"self":[{"href":"https:\/\/sobedrj.com.br\/novo\/wp-json\/wp\/v2\/pages\/18","targetHints":{"allow":["GET"]}}],"collection":[{"href":"https:\/\/sobedrj.com.br\/novo\/wp-json\/wp\/v2\/pages"}],"about":[{"href":"https:\/\/sobedrj.com.br\/novo\/wp-json\/wp\/v2\/types\/page"}],"author":[{"embeddable":true,"href":"https:\/\/sobedrj.com.br\/novo\/wp-json\/wp\/v2\/users\/1"}],"replies":[{"embeddable":true,"href":"https:\/\/sobedrj.com.br\/novo\/wp-json\/wp\/v2\/comments?post=18"}],"version-history":[{"count":9,"href":"https:\/\/sobedrj.com.br\/novo\/wp-json\/wp\/v2\/pages\/18\/revisions"}],"predecessor-version":[{"id":17204,"href":"https:\/\/sobedrj.com.br\/novo\/wp-json\/wp\/v2\/pages\/18\/revisions\/17204"}],"wp:attachment":[{"href":"https:\/\/sobedrj.com.br\/novo\/wp-json\/wp\/v2\/media?parent=18"}],"curies":[{"name":"wp","href":"https:\/\/api.w.org\/{rel}","templated":true}]}}