{"id":26,"date":"2015-01-30T19:21:21","date_gmt":"2015-01-30T19:21:21","guid":{"rendered":"http:\/\/sobedrj.com.br\/novo\/?page_id=26"},"modified":"2020-01-16T20:03:57","modified_gmt":"2020-01-16T20:03:57","slug":"cursos-e-eventos","status":"publish","type":"page","link":"https:\/\/sobedrj.com.br\/novo\/cursos-e-eventos\/","title":{"rendered":"Cursos e eventos"},"content":{"rendered":"\r\n\r\n\r\n\r\n\r\n\r\n\r\n\r\n<strong>MAR\u00c7O<\/strong>\r\n\r\n7 a 10 (s\u00e1bado a ter\u00e7a-feira)<em> Rio de Janeiro, RJ<\/em>\r\n\r\n<a href=\"http:\/\/www.endo2020.org\/\" target=\"_blank\" rel=\"noopener\">II Congresso Mundial de Endoscopia da WEO (ENDO 2020)<\/a>\r\n\r\n<strong>JUNHO<\/strong>\r\n\r\n19 (s\u00e1bado), Barretos, SP\r\n\r\n<a href=\"https:\/\/www.sobed.org.br\/\" target=\"_blank\" rel=\"noopener\">Curso de Mucosectomia<\/a>\r\n\r\n<strong>NOVEMBRO<\/strong>\r\n\r\n21 a 24 (s\u00e1bado a ter\u00e7a-feira), Florian\u00f3polis, SC\r\n\r\n<a href=\"https:\/\/www.sbad.com.br\/2020\/index.php\" target=\"_blank\" rel=\"noopener\">XIX Semana Brasileira do Aparelho Digestivo<\/a>","protected":false},"excerpt":{"rendered":"<p>MAR\u00c7O 7 a 10 (s\u00e1bado a ter\u00e7a-feira) Rio de Janeiro, RJ II Congresso Mundial de Endoscopia da WEO (ENDO 2020) JUNHO 19 (s\u00e1bado), Barretos, SP Curso de Mucosectomia NOVEMBRO 21 a 24 (s\u00e1bado a ter\u00e7a-feira), Florian\u00f3polis, SC XIX Semana Brasileira do Aparelho Digestivo<\/p>\n","protected":false},"author":1,"featured_media":0,"parent":0,"menu_order":0,"comment_status":"closed","ping_status":"open","template":"","meta":{"ngg_post_thumbnail":0,"footnotes":""},"class_list":["post-26","page","type-page","status-publish","hentry"],"aioseo_notices":[],"_links":{"self":[{"href":"https:\/\/sobedrj.com.br\/novo\/wp-json\/wp\/v2\/pages\/26","targetHints":{"allow":["GET"]}}],"collection":[{"href":"https:\/\/sobedrj.com.br\/novo\/wp-json\/wp\/v2\/pages"}],"about":[{"href":"https:\/\/sobedrj.com.br\/novo\/wp-json\/wp\/v2\/types\/page"}],"author":[{"embeddable":true,"href":"https:\/\/sobedrj.com.br\/novo\/wp-json\/wp\/v2\/users\/1"}],"replies":[{"embeddable":true,"href":"https:\/\/sobedrj.com.br\/novo\/wp-json\/wp\/v2\/comments?post=26"}],"version-history":[{"count":64,"href":"https:\/\/sobedrj.com.br\/novo\/wp-json\/wp\/v2\/pages\/26\/revisions"}],"predecessor-version":[{"id":8764,"href":"https:\/\/sobedrj.com.br\/novo\/wp-json\/wp\/v2\/pages\/26\/revisions\/8764"}],"wp:attachment":[{"href":"https:\/\/sobedrj.com.br\/novo\/wp-json\/wp\/v2\/media?parent=26"}],"curies":[{"name":"wp","href":"https:\/\/api.w.org\/{rel}","templated":true}]}}