{"id":28,"date":"2015-01-30T19:35:56","date_gmt":"2015-01-30T19:35:56","guid":{"rendered":"http:\/\/sobedrj.com.br\/novo\/?page_id=28"},"modified":"2026-03-27T08:52:28","modified_gmt":"2026-03-27T11:52:28","slug":"reunioes-cientificas","status":"publish","type":"page","link":"https:\/\/sobedrj.com.br\/novo\/reunioes-cientificas\/","title":{"rendered":"Reuni\u00f5es cient\u00edficas"},"content":{"rendered":"<div class=\"members-access-error\">\u00c1rea de acesso exclusivo aos associados quites da SOBED-RJ. Caso n\u00e3o possua seus dados de acesso, fa\u00e7a seu <a href=\"https:\/\/sobedrj.com.br\/novo\/recadastramento\/\">recadastramento<\/a> em nosso site.<\/div>\n","protected":false},"excerpt":{"rendered":"<div class=\"members-access-error\">\u00c1rea de acesso exclusivo aos associados quites da SOBED-RJ. Caso n\u00e3o possua seus dados de acesso, fa\u00e7a seu <a href=\"https:\/\/sobedrj.com.br\/novo\/recadastramento\/\">recadastramento<\/a> em nosso site.<\/div>\n","protected":false},"author":1,"featured_media":17467,"parent":0,"menu_order":0,"comment_status":"closed","ping_status":"closed","template":"","meta":{"ngg_post_thumbnail":0,"footnotes":""},"class_list":["post-28","page","type-page","status-publish","has-post-thumbnail","hentry"],"aioseo_notices":[],"_links":{"self":[{"href":"https:\/\/sobedrj.com.br\/novo\/wp-json\/wp\/v2\/pages\/28","targetHints":{"allow":["GET"]}}],"collection":[{"href":"https:\/\/sobedrj.com.br\/novo\/wp-json\/wp\/v2\/pages"}],"about":[{"href":"https:\/\/sobedrj.com.br\/novo\/wp-json\/wp\/v2\/types\/page"}],"author":[{"embeddable":true,"href":"https:\/\/sobedrj.com.br\/novo\/wp-json\/wp\/v2\/users\/1"}],"replies":[{"embeddable":true,"href":"https:\/\/sobedrj.com.br\/novo\/wp-json\/wp\/v2\/comments?post=28"}],"version-history":[{"count":82,"href":"https:\/\/sobedrj.com.br\/novo\/wp-json\/wp\/v2\/pages\/28\/revisions"}],"predecessor-version":[{"id":18326,"href":"https:\/\/sobedrj.com.br\/novo\/wp-json\/wp\/v2\/pages\/28\/revisions\/18326"}],"wp:featuredmedia":[{"embeddable":true,"href":"https:\/\/sobedrj.com.br\/novo\/wp-json\/wp\/v2\/media\/17467"}],"wp:attachment":[{"href":"https:\/\/sobedrj.com.br\/novo\/wp-json\/wp\/v2\/media?parent=28"}],"curies":[{"name":"wp","href":"https:\/\/api.w.org\/{rel}","templated":true}]}}