{"id":86,"date":"2015-01-30T20:35:53","date_gmt":"2015-01-30T20:35:53","guid":{"rendered":"http:\/\/sobedrj.com.br\/novo\/?page_id=86"},"modified":"2015-01-30T20:48:40","modified_gmt":"2015-01-30T20:48:40","slug":"informacoes-para-pacientes","status":"publish","type":"page","link":"https:\/\/sobedrj.com.br\/novo\/informacoes-para-pacientes\/","title":{"rendered":"Informa\u00e7\u00f5es para pacientes"},"content":{"rendered":"<p>Saiba mais informa\u00e7\u00f5es sobre cada exame:<\/p>\n<ul>\n<li><a href=\"http:\/\/sobedrj.com.br\/novo\/informacoes-para-pacientes\/endoscopia-digestiva-alta\/\">Endoscopia Digestiva Alta<\/a><\/li>\n<li><a href=\"http:\/\/sobedrj.com.br\/novo\/informacoes-para-pacientes\/colonoscopia\/\">Colonoscopia<\/a><\/li>\n<li><a href=\"http:\/\/sobedrj.com.br\/novo\/informacoes-para-pacientes\/retossigmoidoscopia\/\">Retossigmoidoscopia<\/a><\/li>\n<li><a href=\"http:\/\/sobedrj.com.br\/novo\/informacoes-para-pacientes\/colangiopancreatografia\/\">Colangiopancreatografia<\/a><\/li>\n<li><a href=\"http:\/\/sobedrj.com.br\/novo\/informacoes-para-pacientes\/ecoendoscopia\/\">Ecoendoscopia<\/a><\/li>\n<li><a href=\"http:\/\/sobedrj.com.br\/novo\/informacoes-para-pacientes\/enteroscopia-por-capsula\/\">Enteroscopia por C\u00e1psula<\/a><\/li>\n<li><a href=\"http:\/\/sobedrj.com.br\/novo\/informacoes-para-pacientes\/enteroscopia-assistida-por-balao\/\">Enteroscopia assistida por Bal\u00e3o<\/a><\/li>\n<\/ul>\n","protected":false},"excerpt":{"rendered":"<p>Saiba mais informa\u00e7\u00f5es sobre cada exame: Endoscopia Digestiva Alta Colonoscopia Retossigmoidoscopia Colangiopancreatografia Ecoendoscopia Enteroscopia por C\u00e1psula Enteroscopia assistida por Bal\u00e3o<\/p>\n","protected":false},"author":1,"featured_media":0,"parent":0,"menu_order":0,"comment_status":"closed","ping_status":"open","template":"","meta":{"ngg_post_thumbnail":0,"footnotes":""},"class_list":["post-86","page","type-page","status-publish","hentry"],"aioseo_notices":[],"_links":{"self":[{"href":"https:\/\/sobedrj.com.br\/novo\/wp-json\/wp\/v2\/pages\/86","targetHints":{"allow":["GET"]}}],"collection":[{"href":"https:\/\/sobedrj.com.br\/novo\/wp-json\/wp\/v2\/pages"}],"about":[{"href":"https:\/\/sobedrj.com.br\/novo\/wp-json\/wp\/v2\/types\/page"}],"author":[{"embeddable":true,"href":"https:\/\/sobedrj.com.br\/novo\/wp-json\/wp\/v2\/users\/1"}],"replies":[{"embeddable":true,"href":"https:\/\/sobedrj.com.br\/novo\/wp-json\/wp\/v2\/comments?post=86"}],"version-history":[{"count":3,"href":"https:\/\/sobedrj.com.br\/novo\/wp-json\/wp\/v2\/pages\/86\/revisions"}],"predecessor-version":[{"id":105,"href":"https:\/\/sobedrj.com.br\/novo\/wp-json\/wp\/v2\/pages\/86\/revisions\/105"}],"wp:attachment":[{"href":"https:\/\/sobedrj.com.br\/novo\/wp-json\/wp\/v2\/media?parent=86"}],"curies":[{"name":"wp","href":"https:\/\/api.w.org\/{rel}","templated":true}]}}