{"id":89,"date":"2015-01-30T20:38:32","date_gmt":"2015-01-30T20:38:32","guid":{"rendered":"http:\/\/sobedrj.com.br\/novo\/?page_id=89"},"modified":"2015-01-30T20:44:10","modified_gmt":"2015-01-30T20:44:10","slug":"endoscopia-digestiva-alta","status":"publish","type":"page","link":"https:\/\/sobedrj.com.br\/novo\/informacoes-para-pacientes\/endoscopia-digestiva-alta\/","title":{"rendered":"Endoscopia Digestiva Alta"},"content":{"rendered":"<p><strong>O que \u00e9?<\/strong><\/p>\n<p>\u00c9 um exame indicado para avalia\u00e7\u00e3o diagn\u00f3stica e, quando poss\u00edvel, tratamento das doen\u00e7as da parte superior do tubo digestivo, incluindo o es\u00f4fago, o est\u00f4mago e a por\u00e7\u00e3o inicial do duodeno. Ele \u00e9 realizado introduzindo-se pela boca um aparelho flex\u00edvel com ilumina\u00e7\u00e3o central que permite a visualiza\u00e7\u00e3o de todo o trajeto examinado. O exame pode ser realizado com anestesia t\u00f3pica (um spray de anest\u00e9sico na garganta) ou com seda\u00e7\u00e3o, utilizando medica\u00e7\u00e3o administrada por uma veia para permitir que voc\u00ea relaxe e adorme\u00e7a.<\/p>\n<p><strong>Quais s\u00e3o os cuidados que devo tomar para realizar o exame?<\/strong><\/p>\n<p>No dia marcado \u00e9 indispens\u00e1vel jejum de 8 horas, trazer acompanhante maior de idade e a documenta\u00e7\u00e3o solicitada no momento da marca\u00e7\u00e3o do exame. Por exemplo: C\u00e9dula de identidade (RG); Cart\u00e3o e\/ou autoriza\u00e7\u00e3o do conv\u00eanio; Pedido do m\u00e9dico (solicita\u00e7\u00e3o do exame) etc.<\/p>\n<p><strong>Qual o preparo para o exame?<\/strong><\/p>\n<p>Para realiza\u00e7\u00e3o do exame \u00e9 necess\u00e1rio que seu est\u00f4mago esteja vazio. Voc\u00ea dever\u00e1 permanecer em jejum completo por 8 horas. Se houver necessidade do uso de alguma medica\u00e7\u00e3o prescrita (por exemplo anti-hipertensivos) antes do exame, voc\u00ea deve tom\u00e1-la com pequenos goles de \u00e1gua. N\u00e3o fa\u00e7a uso de leite ou de anti-\u00e1cidos. O uso de grande parte das medica\u00e7\u00f5es de uso cont\u00ednuo pode ser postergado para ap\u00f3s o exame. Caso voc\u00ea seja diab\u00e9tico, marque o exame para o hor\u00e1rio mais cedo poss\u00edvel e deixe para fazer uso de insulina ou dos hipoglicemiantes orais ap\u00f3s o exame e pr\u00f3ximo \u00e0 primeira refei\u00e7\u00e3o do dia. Evite comparecer com unhas pintadas, porque o esmalte prejudica a monitoriza\u00e7\u00e3o da oxigena\u00e7\u00e3o sang\u00fc\u00ednea durante o exame. Antes do exame, \u00e9 necess\u00e1rio o preenchimento da ficha de admiss\u00e3o e do termo de consentimento informado. O m\u00e9dico estar\u00e1 dispon\u00edveis para explicar o procedimento e responder as suas perguntas. Por favor, informe se voc\u00ea j\u00e1 realizou outro exame de endoscopia, se teve alergias ou rea\u00e7\u00f5es a qualquer medica\u00e7\u00e3o. Voc\u00ea precisar\u00e1 remover seus \u00f3culos e pr\u00f3teses dent\u00e1rias. Dependendo da orienta\u00e7\u00e3o m\u00e9dica, logo antes do in\u00edcio do exame, lhe oferecer pequena quantidade de l\u00edquido contendo subst\u00e2ncia (dimeticona) para retirar as bolhas da parede do est\u00f4mago que prejudicam a vis\u00e3o durante o procedimento.<\/p>\n<p><strong>O que acontecer\u00e1 durante o exame?<\/strong><\/p>\n<p>Dependendo da medica\u00e7\u00e3o utilizada, voc\u00ea n\u00e3o sentir\u00e1 nada durante o exame ou um leve desconforto na garganta durante a passagem do aparelho e no est\u00f4mago durante a insufla\u00e7\u00e3o do \u00f3rg\u00e3o com ar. A medica\u00e7\u00e3o pode ainda causar sensa\u00e7\u00e3o de ard\u00eancia no local da infus\u00e3o e no trajeto da veia puncionada. Se necess\u00e1rio, pequenas amostras de tecido (bi\u00f3psias) podem ser colhidas durante o exame para an\u00e1lise microsc\u00f3pica detalhada. N\u00e3o se preocupe &#8211; n\u00e3o d\u00f3i. Na presen\u00e7a de les\u00f5es elevadas (p\u00f3lipos), o m\u00e9dico poder\u00e1 realizar,dependendo do caso, retirada da les\u00e3o (polipectomia) durante o exame. Caso n\u00e3o haja intercorr\u00eancias, a dura\u00e7\u00e3o m\u00e9dia do procedimento \u00e9 de 10 minutos.<\/p>\n<p><strong>Quais os riscos do procedimento?<\/strong><\/p>\n<p>A endoscopia digestiva alta \u00e9 um exame seguro. No entanto, como todo ato m\u00e9dico, ela n\u00e3o \u00e9 isenta de riscos. A complica\u00e7\u00e3o mais frequente \u00e9 flebite (dor e incha\u00e7o no trajeto da veia puncionada) que pode acontecer em at\u00e9 5% dos casos, dependendo da medica\u00e7\u00e3o utilizada para seda\u00e7\u00e3o e rinite secund\u00e1ria a administra\u00e7\u00e3o de oxig\u00eanio por c\u00e2nula nasal. Complica\u00e7\u00f5es mais s\u00e9rias s\u00e3o muito raras ocorrendo em menos de 0,2% dos casos, podendo estar relacionadas ao emprego de medicamentos sedativos ou ao pr\u00f3prio procedimento endosc\u00f3pico. As medica\u00e7\u00f5es utilizadas na anestesia\/seda\u00e7\u00e3o podem provocar rea\u00e7\u00f5es locais (flebite no local da pun\u00e7\u00e3o venosa) e sist\u00eamicas de natureza cardiorespirat\u00f3ria, incluindo depress\u00e3o respirat\u00f3ria com diminui\u00e7\u00e3o na oxigena\u00e7\u00e3o sang\u00fc\u00ednea e altera\u00e7\u00f5es no ritmo card\u00edaco (bradicardia e taquicardia) e na press\u00e3o arterial sist\u00eamica (hipotens\u00e3o e hipertens\u00e3o). Esses efeitos colaterais s\u00e3o constantemente monitorizados durante o exame com o uso de monitor de oxigena\u00e7\u00e3o sang\u00fc\u00ednea e de controle da freq\u00fc\u00eancia card\u00edaca, estando a equipe habilitada para o tratamento imediato de qualquer uma dessas complica\u00e7\u00f5es. Caso voce tenha alguma doen\u00e7a card\u00edaca ou pulmonar, um anestesista pode ser contactado para acompanhar a realiza\u00e7\u00e3o do seu exame. Outras complica\u00e7\u00f5es da endoscopia digestiva alta, tais como perfura\u00e7\u00e3o e sangramento s\u00e3o excepcionais em exames diagn\u00f3sticos, podendo ocorrer no entanto em exames terap\u00eauticos como retirada de corpo estranho (espinha de peixe, osso, etc), dilata\u00e7\u00e3o de estenoses (estreitamentos), ligadura el\u00e1stica ou esclerose de varizes e retirada de p\u00f3lipos (polipectomia) ou de les\u00f5es planas ou deprimidas (mucosectomia). O risco de sangramento ou de perfura\u00e7\u00e3o nesses procedimentos varia de cerca de 0,5% a 8%. O seu m\u00e9dico endoscopista est\u00e1 habilitado a realizar todas as medidas cab\u00edveis para a preven\u00e7\u00e3o e tratamento desses eventos adversos bem como esclarece-lo melhor.<\/p>\n<p><strong>O que devo fazer ap\u00f3s o procedimento?<\/strong><\/p>\n<p>Voc\u00ea ir\u00e1 permanecer na sala de repouso por cerca de 10-30 minutos, at\u00e9 que os efeitos principais das medica\u00e7\u00f5es empregadas para a seda\u00e7\u00e3o desapare\u00e7am. Sua garganta pode ficar adormecida ou levemente irritada e voc\u00ea pode sentir um discreto desconforto no est\u00f4mago. Espirros ou sensa\u00e7\u00e3o de congest\u00e3o nasal podem ocorrer caso voc\u00ea tenha recebido oxig\u00eanio suplementar durante o exame. Se voc\u00ea tiver recebido seda\u00e7\u00e3o durante o exame, um acompanhante deve estar obrigatoriamente dispon\u00edvel para ajuda-lo de volta para casa. Devido aos efeitos da medica\u00e7\u00e3o, voc\u00ea n\u00e3o deve dirigir carros, operar m\u00e1quinas, ou beber \u00e1lcool at\u00e9 o dia seguinte ao exame, quando voc\u00ea ser\u00e1 capaz de retornar \u00e0s suas atividades rotineiras. Ap\u00f3s o exame, voc\u00ea pode voltar a sua dieta normal e a fazer uso de suas medica\u00e7\u00f5es rotineiras, a menos que tenha sido instru\u00eddo do contr\u00e1rio por seu m\u00e9dico. O resultado do exame deve ser interpretado de acordo com sua hist\u00f3ria cl\u00ednica e exame f\u00edsico. O m\u00e9dico que solicitou o exame \u00e9 o profissional mais habilitado para orient\u00e1-lo em rela\u00e7\u00e3o ao diagn\u00f3stico encontrado. Se necess\u00e1rio, o m\u00e9dico endoscopista poder\u00e1 entrar em contato direto com ele. Instru\u00e7\u00f5es adicionais a respeito de seu problema e tratamento ser\u00e3o dadas na sua pr\u00f3xima consulta cl\u00ednica. Se foram obtidas bi\u00f3psias, a an\u00e1lise poder\u00e1 ser realizada pelo laborat\u00f3rio de anatomia patol\u00f3gica de sua prefer\u00eancia, sendo o resultado entregue pelo mesmo laborat\u00f3rio geralmente em cinco dias \u00fateis. Caso voc\u00ea tenha se submetido a um procedimento terap\u00eautico, informa\u00e7\u00f5es adicionais ser\u00e3o prestadas pelo m\u00e9dico endoscopista.<\/p>\n","protected":false},"excerpt":{"rendered":"<p>O que \u00e9? \u00c9 um exame indicado para avalia\u00e7\u00e3o diagn\u00f3stica e, quando poss\u00edvel, tratamento das doen\u00e7as da parte superior do tubo digestivo, incluindo o es\u00f4fago, o est\u00f4mago e a por\u00e7\u00e3o inicial do duodeno. Ele \u00e9 realizado introduzindo-se pela boca um aparelho flex\u00edvel com ilumina\u00e7\u00e3o central que permite a visualiza\u00e7\u00e3o de todo o trajeto examinado. O [&hellip;]<\/p>\n","protected":false},"author":1,"featured_media":0,"parent":86,"menu_order":0,"comment_status":"closed","ping_status":"open","template":"","meta":{"ngg_post_thumbnail":0,"footnotes":""},"class_list":["post-89","page","type-page","status-publish","hentry"],"aioseo_notices":[],"_links":{"self":[{"href":"https:\/\/sobedrj.com.br\/novo\/wp-json\/wp\/v2\/pages\/89","targetHints":{"allow":["GET"]}}],"collection":[{"href":"https:\/\/sobedrj.com.br\/novo\/wp-json\/wp\/v2\/pages"}],"about":[{"href":"https:\/\/sobedrj.com.br\/novo\/wp-json\/wp\/v2\/types\/page"}],"author":[{"embeddable":true,"href":"https:\/\/sobedrj.com.br\/novo\/wp-json\/wp\/v2\/users\/1"}],"replies":[{"embeddable":true,"href":"https:\/\/sobedrj.com.br\/novo\/wp-json\/wp\/v2\/comments?post=89"}],"version-history":[{"count":3,"href":"https:\/\/sobedrj.com.br\/novo\/wp-json\/wp\/v2\/pages\/89\/revisions"}],"predecessor-version":[{"id":100,"href":"https:\/\/sobedrj.com.br\/novo\/wp-json\/wp\/v2\/pages\/89\/revisions\/100"}],"up":[{"embeddable":true,"href":"https:\/\/sobedrj.com.br\/novo\/wp-json\/wp\/v2\/pages\/86"}],"wp:attachment":[{"href":"https:\/\/sobedrj.com.br\/novo\/wp-json\/wp\/v2\/media?parent=89"}],"curies":[{"name":"wp","href":"https:\/\/api.w.org\/{rel}","templated":true}]}}