{"id":93,"date":"2015-01-30T20:40:35","date_gmt":"2015-01-30T20:40:35","guid":{"rendered":"http:\/\/sobedrj.com.br\/novo\/?page_id=93"},"modified":"2015-01-30T20:40:35","modified_gmt":"2015-01-30T20:40:35","slug":"retossigmoidoscopia","status":"publish","type":"page","link":"https:\/\/sobedrj.com.br\/novo\/informacoes-para-pacientes\/retossigmoidoscopia\/","title":{"rendered":"Retossigmoidoscopia"},"content":{"rendered":"<p><strong>O que \u00e9?<\/strong><\/p>\n<p>A Retossigmoidoscopia \u00e9 um exame que permite a observa\u00e7\u00e3o do canal anal, reto e sigm\u00f3ide atrav\u00e9s da introdu\u00e7\u00e3o do endosc\u00f3pio atrav\u00e9s do \u00e2nus. Este exame pode ser realizado tanto com aparelho r\u00edgido como com aparelho flex\u00edvel. \u00c9 um exame bem tolerado pela maioria das pessoas, podendo haver um leve desconforto abdominal do tipo c\u00f3lica, consequente ao ar que \u00e9 injetado no intestino. Durante o procedimento, poder\u00e1 haver necessidade de realiza\u00e7\u00e3o de bi\u00f3psias para exame anatomopatol\u00f3gico.<\/p>\n<p>Este exame permite diagnosticar a maioria das doen\u00e7as que afetam as primeiras por\u00e7\u00f5es do intestino grosso ( margem anal, reto e sigm\u00f3ide ). Deve ser realizado em caso de perda de sangue nas fezes e para o rastreio e diagn\u00f3stico precoce de les\u00f5es malignas ou pr\u00e9-malignas. S\u00f3 ser\u00e1 poss\u00edvel a observa\u00e7\u00e3o dos segmentos limpos, sendo assim, uma boa lavagem intestinal \u00e9 fundamental para o sucesso do exame.<\/p>\n<p><strong>Porque \u00e9 necess\u00e1ria a Retossigmoidoscopia?<\/strong><\/p>\n<p>A Retossigmoidoscopia avalia doen\u00e7as do canal anal como hemorr\u00f3idas, fissuras, f\u00edstulas, condilomas virais, neoplasias, abscessos e \u00falceras. Avalia doen\u00e7as do reto e sigm\u00f3ide como inflama\u00e7\u00f5es, tumores e p\u00f3lipos.<\/p>\n<p><strong>Que prepara\u00e7\u00e3o \u00e9 necess\u00e1ria?<\/strong><\/p>\n<p>O preparo consiste na limpeza do reto atrav\u00e9s do enema, que \u00e9 injetado pelo \u00e2nus 2 horas antes do exame e faz com que as fezes sejam eliminadas. Na v\u00e9spera h\u00e1 uma dieta a ser seguida, evitando suco de frutas, vegetais, gr\u00e3os, verduras, leite e derivados.<\/p>\n<p><strong>Como decorre a Retossigmoidoscopia?<\/strong><\/p>\n<p>O exame pode ser realizado com o paciente em posi\u00e7\u00e3o genupeitoral (de joelhos) ou em dec\u00fabito lateral esquerdo (deitado de lado). Normalmente n\u00e3o h\u00e1 necessidade de seda\u00e7\u00e3o, por\u00e9m, poder\u00e1 ser feita quando solicitada pelo m\u00e9dico que acompanha o paciente. Deste modo o paciente passa a necessitar de acompanhante ou respons\u00e1vel. No local da passagem do aparelho (\u00e2nus) \u00e9 utilizado um anest\u00e9sico t\u00f3pico (Xyloca\u00edna gel).<\/p>\n<p><strong>Quais as poss\u00edveis complica\u00e7\u00f5es da Retossigmoidoscopia?<\/strong><\/p>\n<p>As complica\u00e7\u00f5es devido ao exame s\u00e3o raras, por\u00e9m s\u00e3o descritos sangramento, inflama\u00e7\u00e3o do reto e perfura\u00e7\u00e3o.<\/p>\n","protected":false},"excerpt":{"rendered":"<p>O que \u00e9? A Retossigmoidoscopia \u00e9 um exame que permite a observa\u00e7\u00e3o do canal anal, reto e sigm\u00f3ide atrav\u00e9s da introdu\u00e7\u00e3o do endosc\u00f3pio atrav\u00e9s do \u00e2nus. Este exame pode ser realizado tanto com aparelho r\u00edgido como com aparelho flex\u00edvel. \u00c9 um exame bem tolerado pela maioria das pessoas, podendo haver um leve desconforto abdominal do [&hellip;]<\/p>\n","protected":false},"author":1,"featured_media":0,"parent":86,"menu_order":0,"comment_status":"closed","ping_status":"open","template":"","meta":{"ngg_post_thumbnail":0,"footnotes":""},"class_list":["post-93","page","type-page","status-publish","hentry"],"aioseo_notices":[],"_links":{"self":[{"href":"https:\/\/sobedrj.com.br\/novo\/wp-json\/wp\/v2\/pages\/93","targetHints":{"allow":["GET"]}}],"collection":[{"href":"https:\/\/sobedrj.com.br\/novo\/wp-json\/wp\/v2\/pages"}],"about":[{"href":"https:\/\/sobedrj.com.br\/novo\/wp-json\/wp\/v2\/types\/page"}],"author":[{"embeddable":true,"href":"https:\/\/sobedrj.com.br\/novo\/wp-json\/wp\/v2\/users\/1"}],"replies":[{"embeddable":true,"href":"https:\/\/sobedrj.com.br\/novo\/wp-json\/wp\/v2\/comments?post=93"}],"version-history":[{"count":1,"href":"https:\/\/sobedrj.com.br\/novo\/wp-json\/wp\/v2\/pages\/93\/revisions"}],"predecessor-version":[{"id":94,"href":"https:\/\/sobedrj.com.br\/novo\/wp-json\/wp\/v2\/pages\/93\/revisions\/94"}],"up":[{"embeddable":true,"href":"https:\/\/sobedrj.com.br\/novo\/wp-json\/wp\/v2\/pages\/86"}],"wp:attachment":[{"href":"https:\/\/sobedrj.com.br\/novo\/wp-json\/wp\/v2\/media?parent=93"}],"curies":[{"name":"wp","href":"https:\/\/api.w.org\/{rel}","templated":true}]}}